{"id":6868,"date":"2021-01-20T12:01:01","date_gmt":"2021-01-20T12:01:01","guid":{"rendered":"https:\/\/nueva.cygsa.es\/proyectos\/"},"modified":"2025-12-02T11:26:26","modified_gmt":"2025-12-02T11:26:26","slug":"proyectos","status":"publish","type":"page","link":"https:\/\/cygsa.es\/en\/proyectos\/","title":{"rendered":"Proyectos"},"content":{"rendered":"<p>[et_pb_section fb_built=&#8221;1&#8243; _builder_version=&#8221;4.16&#8243; _module_preset=&#8221;default&#8221; global_colors_info=&#8221;{}&#8221;][et_pb_row _builder_version=&#8221;4.16&#8243; _module_preset=&#8221;default&#8221; global_colors_info=&#8221;{}&#8221;][et_pb_column type=&#8221;4_4&#8243; _builder_version=&#8221;4.16&#8243; _module_preset=&#8221;default&#8221; global_colors_info=&#8221;{}&#8221;][et_pb_cta _builder_version=&#8221;4.16&#8243; _module_preset=&#8221;default&#8221; header_level=&#8221;h1&#8243; header_text_color=&#8221;#000000&#8243; body_text_color=&#8221;#000000&#8243; background_color=&#8221;rgba(229,229,229,0.56)&#8221; global_colors_info=&#8221;{}&#8221;]<\/p>\n<h1><span style=\"color: #99cc00;\"><strong>A commitment<\/strong><\/span>\u00a0<span style=\"color:#000\">to Innovation<\/span><\/h1>\n<p>CYGSA\u2019s vision is focused on the implementation of specific measures to support the transfer of technology and to promote industrial competitiveness through innovation.<\/p>\n<p>[\/et_pb_cta][\/et_pb_column][\/et_pb_row][\/et_pb_section][et_pb_section fb_built=&#8221;1&#8243; _builder_version=&#8221;4.16&#8243; _module_preset=&#8221;default&#8221; global_colors_info=&#8221;{}&#8221;][et_pb_row column_structure=&#8221;1_2,1_2&#8243; _builder_version=&#8221;4.16&#8243; _module_preset=&#8221;default&#8221; global_colors_info=&#8221;{}&#8221;][et_pb_column type=&#8221;1_2&#8243; _builder_version=&#8221;4.16&#8243; _module_preset=&#8221;default&#8221; global_colors_info=&#8221;{}&#8221;][et_pb_tabs _builder_version=&#8221;4.16&#8243; _module_preset=&#8221;default&#8221; tab_font_size=&#8221;16px&#8221; tab_line_height=&#8221;3em&#8221; global_colors_info=&#8221;{}&#8221;][et_pb_tab title=&#8221;TECHNICAL&#8221; _builder_version=&#8221;4.16&#8243; _module_preset=&#8221;default&#8221; global_colors_info=&#8221;{}&#8221;]<\/p>\n<h2>TECHNICAL DEPARTMENT<\/h2>\n<p>We employ the most extensive range of cutting-edge technology for quality control and the development of new projects and formulations (rheology and extrusion behaviour tests, colormetry, LOI oxygen index measurement equipment, fluidity index determination, etc.).<\/p>\n<p>We are also backed by the direct support of the companies in our group (Shin-Etsu, Cires and Previnil), as well as the collaboration provided by different Technology Centres.<\/p>\n<p>[\/et_pb_tab][et_pb_tab title=&#8221;CERTIFICATIONS&#8221; _builder_version=&#8221;4.16&#8243; _module_preset=&#8221;default&#8221; global_colors_info=&#8221;{}&#8221;]<\/p>\n<h2>PRODUCT CERTIFICATIONS<\/h2>\n<ul id=\"checklist-1\" class=\"list-icon circle-no list-icon-star\">\n<li>Flexible material used in the fabrication of the active part of gaskets of windows profiles &#8211; QB36-CSTB certification standard according to CSTB certificate available No.: 619-095-095<\/li>\n<li>Construction materials fire reaction test (NF P 95-501) Classification M1<\/li>\n<li>Fire propagation test (CEIS)<\/li>\n<li>NF regulation for rigid PVC profiles for exterior use (LNE)<\/li>\n<li>WRAS certificate\u2013 Suitable for contact with drinking water (BS 6920-1:2000)<\/li>\n<\/ul>\n<p>[\/et_pb_tab][\/et_pb_tabs][\/et_pb_column][et_pb_column type=&#8221;1_2&#8243; _builder_version=&#8221;4.16&#8243; _module_preset=&#8221;default&#8221; global_colors_info=&#8221;{}&#8221;][et_pb_image src=&#8221;https:\/\/nueva.cygsa.es\/wp-content\/uploads\/2014\/12\/soste2.png&#8221; title_text=&#8221;soste2&#8243; _builder_version=&#8221;4.16&#8243; _module_preset=&#8221;default&#8221; global_colors_info=&#8221;{}&#8221;][\/et_pb_image][\/et_pb_column][\/et_pb_row][\/et_pb_section][et_pb_section fb_built=&#8221;1&#8243; _builder_version=&#8221;4.16&#8243; _module_preset=&#8221;default&#8221; custom_padding=&#8221;||0px|||&#8221; global_colors_info=&#8221;{}&#8221;][et_pb_row _builder_version=&#8221;4.16&#8243; _module_preset=&#8221;default&#8221; global_colors_info=&#8221;{}&#8221;][et_pb_column type=&#8221;4_4&#8243; _builder_version=&#8221;4.16&#8243; _module_preset=&#8221;default&#8221; global_colors_info=&#8221;{}&#8221;][et_pb_image src=&#8221;https:\/\/nueva.cygsa.es\/wp-content\/uploads\/2021\/01\/logos_centros.jpg&#8221; title_text=&#8221;logos_centros&#8221; _builder_version=&#8221;4.16&#8243; _module_preset=&#8221;default&#8221; global_colors_info=&#8221;{}&#8221;][\/et_pb_image][\/et_pb_column][\/et_pb_row][\/et_pb_section][et_pb_section fb_built=&#8221;1&#8243; _builder_version=&#8221;4.16&#8243; _module_preset=&#8221;default&#8221; custom_padding=&#8221;3px||6px|||&#8221; locked=&#8221;off&#8221; global_colors_info=&#8221;{}&#8221;][et_pb_row _builder_version=&#8221;4.16&#8243; _module_preset=&#8221;default&#8221; custom_padding=&#8221;|||1px||&#8221; global_colors_info=&#8221;{}&#8221;][et_pb_column type=&#8221;4_4&#8243; _builder_version=&#8221;4.16&#8243; _module_preset=&#8221;default&#8221; global_colors_info=&#8221;{}&#8221;][et_pb_text _builder_version=&#8221;4.16&#8243; _module_preset=&#8221;default&#8221; global_colors_info=&#8221;{}&#8221;]<\/p>\n<p style=\"text-align: left;\"><img loading=\"lazy\" decoding=\"async\" class=\"wp-image-5626 alignnone size-full\" style=\"float: right;\" src=\"https:\/\/nueva.cygsa.es\/wp-content\/uploads\/2014\/12\/logofeder.jpg\" alt=\"\" width=\"230\" height=\"110\" \/><span style=\"font-size: 14px;\">*This company has received 50% co-financed aid from the Government of Navarra and the European Regional Development Fund through the ERDF 2014-2020 Operational Program of Navarra.<\/span><span style=\"font-size: 14px;\">Enpresa honek laguntza bat jaso du, erdi bana (%50) finantzatu dutena Nafarroako Gobernuak eta Eskualde Garapeneko Europako Funtsak, Nafarroako EGEF 2014-2020 Eragilearen bidez Program.<\/span><\/p>\n<p>*This company has received a subsidy from the Government of Navarra under the 2016 call for investments in adaptation of equipment and workplaces.<\/p>\n<p>*This company is carrying out the project &#8220;REPLACEMENT OF COMPRESSORS IN THE CURRENT COMPRESSED AIR INSTALLATION WITH A COMPRESSOR WITH A VARIABLE SPEED DRIVE,&#8221; supported by the aid program for energy savings and efficiency in SMEs and large companies in the industrial sector, co-financed by the European Regional Development Fund (ERDF), and managed by IDAE (Institute for Energy Diversification and Saving) using funds from the National Energy Efficiency Fund, with the aim of achieving a cleaner and more sustainable economy.<\/p>\n<p><img loading=\"lazy\" decoding=\"async\" class=\"wp-image-5694 alignnone size-medium\" style=\"font-size: 14px; background-color: #ffffff; float: right;\" src=\"https:\/\/nueva.cygsa.es\/wp-content\/uploads\/2017\/04\/logo-MICIN-300x65.jpg\" alt=\"\" width=\"300\" height=\"65\" \/>The planned investment amounts to \u20ac185,169, with a planned aid of \u20ac9,370. Energy savings are projected at 152,600 kWh per year (20% compared to the previous situation).<\/p>\n<p>The company is also participating in a research project under the 2016 RETOS-COLABORACI\u00d3N (Challenges-Collaboration) call for proposals. The project budget has been financed by the Ministry of Economy and Competitiveness.<br \/><img loading=\"lazy\" decoding=\"async\" style=\"font-size: 14px; background-color: #ffffff; float: right;\" src=\"https:\/\/cygsa.es\/wp-content\/uploads\/2023\/09\/lognav.png\" width=\"297\" height=\"135\" \/><\/p>\n<p>&nbsp;<\/p>\n<p>*This company has received 100% co-financed funding from the EU&#8217;s REACT-EU program, through the 2014-2020 ESF Operational Programme of Navarre, as part of the European Union&#8217;s response to the COVID-19 pandemic.<\/p>\n<p>&nbsp;<\/p>\n<p>The project \u201cValorization of recycled polymers and natural fibers in the production of WPC-type composites for corrugated roofing (SuRFA)\u201d has been approved by CDTI within the Spain-Malaysia Bilateral Technological Cooperation Programme, file number IDI-20230045.<img loading=\"lazy\" decoding=\"async\" class=\"wp-image-7427 alignnone size-medium\" style=\"font-size: 14px; background-color: #ffffff; float: right;\" src=\"https:\/\/cygsa.es\/wp-content\/uploads\/2023\/12\/cdti-300x60.png\" alt=\"\" width=\"300\" height=\"60\" \/><\/p>\n<p>Its main objective is the development of new WPC composite materials by combining recycled polymers and waste natural fibers, promoting a reduction in raw material consumption and environmental protection through material recycling, waste valorization, and the promotion of a circular economy. This will enable the development of building elements, especially roofing, to address shortcomings in current materials.<\/p>\n<p>*This aid is eligible for co-financing by the European Regional Development Fund (ERDF 2021-2027).<\/p>\n<p><span style=\"font-size: 14px;\"><\/span><\/p>\n<p><span style=\"font-size: 14px;\"><\/span><\/p>\n<p><span style=\"font-size: 14px;\">The \u201cLHC Warehouse\u201d investment project has been co-financed by a grant from the Government of Navarre \u00a0 \u00a0 \u00a0 \u00a0 \u00a0<\/span><em style=\"font-size: 14px; background-color: #ffffff;\"><img loading=\"lazy\" decoding=\"async\" class=\"alignright\" style=\"font-size: 14px; background-color: #ffffff;\" src=\"https:\/\/cygsa.es\/wp-content\/uploads\/2024\/03\/log.png\" width=\"270\" height=\"60\" \/><\/em><\/p>\n<p>under the 2022 call for proposals for investment aid in large industrial companies.<\/p>\n<p>The investment project for a Coperion extruder line, dust extraction system, and weighing room control<\/p>\n<p>has been subsidized by the Government of Navarre under the 2024 call for proposals for investment aid in large industrial companies.<\/p>\n<p><span style=\"font-size: 14px;\"><\/span><span style=\"font-size: 14px;\"><\/span>\u00a0<\/p>\n<p>*This entity has received aid from the Government of Navarre, co-financed at 40% by the European Regional Development Fund<br \/><img loading=\"lazy\" decoding=\"async\" src=\"https:\/\/cygsa.es\/wp-content\/uploads\/2025\/07\/e.jpg\" width=\"417\" height=\"65\" style=\"float: right;\" \/><\/p>\n<p>through the ERDF 2021-2027 Operational Programme of Navarre.<\/p>\n<p>[\/et_pb_text][\/et_pb_column][\/et_pb_row][\/et_pb_section][et_pb_section fb_built=&#8221;1&#8243; _builder_version=&#8221;4.16&#8243; _module_preset=&#8221;default&#8221; global_colors_info=&#8221;{}&#8221;][et_pb_row _builder_version=&#8221;4.16&#8243; _module_preset=&#8221;default&#8221; global_colors_info=&#8221;{}&#8221;][et_pb_column type=&#8221;4_4&#8243; _builder_version=&#8221;4.16&#8243; _module_preset=&#8221;default&#8221; global_colors_info=&#8221;{}&#8221;][et_pb_text _builder_version=&#8221;4.16&#8243; _module_preset=&#8221;default&#8221; global_colors_info=&#8221;{}&#8221;]<\/p>\n<h1>PROYECTOS I+D+i<\/h1>\n<p>[\/et_pb_text][et_pb_blog fullwidth=&#8221;off&#8221; include_categories=&#8221;all&#8221; show_author=&#8221;off&#8221; _builder_version=&#8221;4.16&#8243; _module_preset=&#8221;default&#8221; global_colors_info=&#8221;{}&#8221;][\/et_pb_blog][\/et_pb_column][\/et_pb_row][\/et_pb_section]<\/p>\n","protected":false},"excerpt":{"rendered":"<p>A commitment\u00a0to Innovation CYGSA\u2019s vision is focused on the implementation of specific measures to support the transfer of technology and to promote industrial competitiveness through innovation.TECHNICAL DEPARTMENT We employ the most extensive range of cutting-edge technology for quality control and the development of new projects and formulations (rheology and extrusion behaviour tests, colormetry, LOI oxygen [&hellip;]<\/p>\n","protected":false},"author":1,"featured_media":0,"parent":0,"menu_order":0,"comment_status":"closed","ping_status":"closed","template":"","meta":{"_et_pb_use_builder":"on","_et_pb_old_content":"","_et_gb_content_width":"","footnotes":""},"class_list":["post-6868","page","type-page","status-publish","hentry"],"yoast_head":"<!-- This site is optimized with the Yoast SEO plugin v27.1.1 - https:\/\/yoast.com\/product\/yoast-seo-wordpress\/ -->\n<title>Proyectos - Cygsa - Fabricantes de compuestos de pl\u00e1sticos<\/title>\n<meta name=\"robots\" content=\"index, follow, max-snippet:-1, max-image-preview:large, max-video-preview:-1\" \/>\n<link rel=\"canonical\" href=\"https:\/\/cygsa.es\/en\/proyectos\/\" \/>\n<meta property=\"og:locale\" content=\"en_US\" \/>\n<meta property=\"og:type\" content=\"article\" \/>\n<meta property=\"og:title\" content=\"Proyectos - Cygsa - Fabricantes de compuestos de pl\u00e1sticos\" \/>\n<meta property=\"og:description\" content=\"A commitment\u00a0to Innovation CYGSA\u2019s vision is focused on the implementation of specific measures to support the transfer of technology and to promote industrial competitiveness through innovation.TECHNICAL DEPARTMENT We employ the most extensive range of cutting-edge technology for quality control and the development of new projects and formulations (rheology and extrusion behaviour tests, colormetry, LOI oxygen [&hellip;]\" \/>\n<meta property=\"og:url\" content=\"https:\/\/cygsa.es\/en\/proyectos\/\" \/>\n<meta property=\"og:site_name\" content=\"Cygsa - Fabricantes de compuestos de pl\u00e1sticos\" \/>\n<meta property=\"article:modified_time\" content=\"2025-12-02T11:26:26+00:00\" \/>\n<meta property=\"og:image\" content=\"https:\/\/nueva.cygsa.es\/wp-content\/uploads\/2014\/12\/logofeder.jpg\" \/>\n<meta name=\"twitter:card\" content=\"summary_large_image\" \/>\n<meta name=\"twitter:label1\" content=\"Est. reading time\" \/>\n\t<meta name=\"twitter:data1\" content=\"8 minutes\" \/>\n<script type=\"application\/ld+json\" class=\"yoast-schema-graph\">{\"@context\":\"https:\/\/schema.org\",\"@graph\":[{\"@type\":\"WebPage\",\"@id\":\"https:\/\/cygsa.es\/en\/proyectos\/\",\"url\":\"https:\/\/cygsa.es\/en\/proyectos\/\",\"name\":\"Proyectos - Cygsa - Fabricantes de compuestos de pl\u00e1sticos\",\"isPartOf\":{\"@id\":\"https:\/\/cygsa.es\/en\/#website\"},\"primaryImageOfPage\":{\"@id\":\"https:\/\/cygsa.es\/en\/proyectos\/#primaryimage\"},\"image\":{\"@id\":\"https:\/\/cygsa.es\/en\/proyectos\/#primaryimage\"},\"thumbnailUrl\":\"https:\/\/nueva.cygsa.es\/wp-content\/uploads\/2014\/12\/logofeder.jpg\",\"datePublished\":\"2021-01-20T12:01:01+00:00\",\"dateModified\":\"2025-12-02T11:26:26+00:00\",\"breadcrumb\":{\"@id\":\"https:\/\/cygsa.es\/en\/proyectos\/#breadcrumb\"},\"inLanguage\":\"en-US\",\"potentialAction\":[{\"@type\":\"ReadAction\",\"target\":[\"https:\/\/cygsa.es\/en\/proyectos\/\"]}]},{\"@type\":\"ImageObject\",\"inLanguage\":\"en-US\",\"@id\":\"https:\/\/cygsa.es\/en\/proyectos\/#primaryimage\",\"url\":\"https:\/\/nueva.cygsa.es\/wp-content\/uploads\/2014\/12\/logofeder.jpg\",\"contentUrl\":\"https:\/\/nueva.cygsa.es\/wp-content\/uploads\/2014\/12\/logofeder.jpg\"},{\"@type\":\"BreadcrumbList\",\"@id\":\"https:\/\/cygsa.es\/en\/proyectos\/#breadcrumb\",\"itemListElement\":[{\"@type\":\"ListItem\",\"position\":1,\"name\":\"Portada\",\"item\":\"https:\/\/cygsa.es\/en\/\"},{\"@type\":\"ListItem\",\"position\":2,\"name\":\"Proyectos\"}]},{\"@type\":\"WebSite\",\"@id\":\"https:\/\/cygsa.es\/en\/#website\",\"url\":\"https:\/\/cygsa.es\/en\/\",\"name\":\"Cygsa - Fabricantes de compuestos de pl\u00e1sticos\",\"description\":\"Trabajamos para conseguir la m\u00e1xima satisfacci\u00f3n de nuestros clientes a trav\u00e9s de un procedimiento de trabajo lo m\u00e1s sostenible posible\",\"potentialAction\":[{\"@type\":\"SearchAction\",\"target\":{\"@type\":\"EntryPoint\",\"urlTemplate\":\"https:\/\/cygsa.es\/en\/?s={search_term_string}\"},\"query-input\":{\"@type\":\"PropertyValueSpecification\",\"valueRequired\":true,\"valueName\":\"search_term_string\"}}],\"inLanguage\":\"en-US\"}]}<\/script>\n<!-- \/ Yoast SEO plugin. -->","yoast_head_json":{"title":"Proyectos - Cygsa - Fabricantes de compuestos de pl\u00e1sticos","robots":{"index":"index","follow":"follow","max-snippet":"max-snippet:-1","max-image-preview":"max-image-preview:large","max-video-preview":"max-video-preview:-1"},"canonical":"https:\/\/cygsa.es\/en\/proyectos\/","og_locale":"en_US","og_type":"article","og_title":"Proyectos - Cygsa - Fabricantes de compuestos de pl\u00e1sticos","og_description":"A commitment\u00a0to Innovation CYGSA\u2019s vision is focused on the implementation of specific measures to support the transfer of technology and to promote industrial competitiveness through innovation.TECHNICAL DEPARTMENT We employ the most extensive range of cutting-edge technology for quality control and the development of new projects and formulations (rheology and extrusion behaviour tests, colormetry, LOI oxygen [&hellip;]","og_url":"https:\/\/cygsa.es\/en\/proyectos\/","og_site_name":"Cygsa - Fabricantes de compuestos de pl\u00e1sticos","article_modified_time":"2025-12-02T11:26:26+00:00","og_image":[{"url":"https:\/\/nueva.cygsa.es\/wp-content\/uploads\/2014\/12\/logofeder.jpg","type":"","width":"","height":""}],"twitter_card":"summary_large_image","twitter_misc":{"Est. reading time":"8 minutes"},"schema":{"@context":"https:\/\/schema.org","@graph":[{"@type":"WebPage","@id":"https:\/\/cygsa.es\/en\/proyectos\/","url":"https:\/\/cygsa.es\/en\/proyectos\/","name":"Proyectos - Cygsa - Fabricantes de compuestos de pl\u00e1sticos","isPartOf":{"@id":"https:\/\/cygsa.es\/en\/#website"},"primaryImageOfPage":{"@id":"https:\/\/cygsa.es\/en\/proyectos\/#primaryimage"},"image":{"@id":"https:\/\/cygsa.es\/en\/proyectos\/#primaryimage"},"thumbnailUrl":"https:\/\/nueva.cygsa.es\/wp-content\/uploads\/2014\/12\/logofeder.jpg","datePublished":"2021-01-20T12:01:01+00:00","dateModified":"2025-12-02T11:26:26+00:00","breadcrumb":{"@id":"https:\/\/cygsa.es\/en\/proyectos\/#breadcrumb"},"inLanguage":"en-US","potentialAction":[{"@type":"ReadAction","target":["https:\/\/cygsa.es\/en\/proyectos\/"]}]},{"@type":"ImageObject","inLanguage":"en-US","@id":"https:\/\/cygsa.es\/en\/proyectos\/#primaryimage","url":"https:\/\/nueva.cygsa.es\/wp-content\/uploads\/2014\/12\/logofeder.jpg","contentUrl":"https:\/\/nueva.cygsa.es\/wp-content\/uploads\/2014\/12\/logofeder.jpg"},{"@type":"BreadcrumbList","@id":"https:\/\/cygsa.es\/en\/proyectos\/#breadcrumb","itemListElement":[{"@type":"ListItem","position":1,"name":"Portada","item":"https:\/\/cygsa.es\/en\/"},{"@type":"ListItem","position":2,"name":"Proyectos"}]},{"@type":"WebSite","@id":"https:\/\/cygsa.es\/en\/#website","url":"https:\/\/cygsa.es\/en\/","name":"Cygsa - Fabricantes de compuestos de pl\u00e1sticos","description":"Trabajamos para conseguir la m\u00e1xima satisfacci\u00f3n de nuestros clientes a trav\u00e9s de un procedimiento de trabajo lo m\u00e1s sostenible posible","potentialAction":[{"@type":"SearchAction","target":{"@type":"EntryPoint","urlTemplate":"https:\/\/cygsa.es\/en\/?s={search_term_string}"},"query-input":{"@type":"PropertyValueSpecification","valueRequired":true,"valueName":"search_term_string"}}],"inLanguage":"en-US"}]}},"_links":{"self":[{"href":"https:\/\/cygsa.es\/en\/wp-json\/wp\/v2\/pages\/6868","targetHints":{"allow":["GET"]}}],"collection":[{"href":"https:\/\/cygsa.es\/en\/wp-json\/wp\/v2\/pages"}],"about":[{"href":"https:\/\/cygsa.es\/en\/wp-json\/wp\/v2\/types\/page"}],"author":[{"embeddable":true,"href":"https:\/\/cygsa.es\/en\/wp-json\/wp\/v2\/users\/1"}],"replies":[{"embeddable":true,"href":"https:\/\/cygsa.es\/en\/wp-json\/wp\/v2\/comments?post=6868"}],"version-history":[{"count":5,"href":"https:\/\/cygsa.es\/en\/wp-json\/wp\/v2\/pages\/6868\/revisions"}],"predecessor-version":[{"id":7693,"href":"https:\/\/cygsa.es\/en\/wp-json\/wp\/v2\/pages\/6868\/revisions\/7693"}],"wp:attachment":[{"href":"https:\/\/cygsa.es\/en\/wp-json\/wp\/v2\/media?parent=6868"}],"curies":[{"name":"wp","href":"https:\/\/api.w.org\/{rel}","templated":true}]}}