{"id":6873,"date":"2021-01-27T11:33:23","date_gmt":"2021-01-27T11:33:23","guid":{"rendered":"https:\/\/nueva.cygsa.es\/aplicaciones\/construccion\/"},"modified":"2021-01-28T12:13:51","modified_gmt":"2021-01-28T12:13:51","slug":"construccion","status":"publish","type":"page","link":"https:\/\/cygsa.es\/en\/aplicaciones\/construccion\/","title":{"rendered":"Construcci\u00f3n"},"content":{"rendered":"<p>[et_pb_section fb_built=&#8221;1&#8243; _builder_version=&#8221;4.8.0&#8243; _module_preset=&#8221;default&#8221;][et_pb_row column_structure=&#8221;1_2,1_2&#8243; _builder_version=&#8221;4.8.0&#8243; _module_preset=&#8221;default&#8221;][et_pb_column type=&#8221;1_2&#8243; _builder_version=&#8221;4.8.0&#8243; _module_preset=&#8221;default&#8221;][et_pb_image src=&#8221;https:\/\/nueva.cygsa.es\/wp-content\/uploads\/2014\/12\/0_suelos.jpg&#8221; title_text=&#8221;0_suelos&#8221; _builder_version=&#8221;4.8.0&#8243; _module_preset=&#8221;default&#8221;][\/et_pb_image][et_pb_text _builder_version=&#8221;4.8.0&#8243; _module_preset=&#8221;default&#8221; hover_enabled=&#8221;0&#8243; sticky_enabled=&#8221;0&#8243;]<\/p>\n<h2 style=\"text-align: center;\">Vinyl floors<\/h2>\n<p>[\/et_pb_text][\/et_pb_column][et_pb_column type=&#8221;1_2&#8243; _builder_version=&#8221;4.8.0&#8243; _module_preset=&#8221;default&#8221;][et_pb_image src=&#8221;https:\/\/nueva.cygsa.es\/wp-content\/uploads\/2014\/12\/02_ventana.jpg&#8221; title_text=&#8221;02_ventana&#8221; _builder_version=&#8221;4.8.0&#8243; _module_preset=&#8221;default&#8221;][\/et_pb_image][et_pb_text _builder_version=&#8221;4.8.0&#8243; _module_preset=&#8221;default&#8221; hover_enabled=&#8221;0&#8243; sticky_enabled=&#8221;0&#8243;]<\/p>\n<h2 style=\"text-align: center;\">Window profiles and glazing seals, shutter boxes \u2026<\/h2>\n<p>[\/et_pb_text][\/et_pb_column][\/et_pb_row][et_pb_row column_structure=&#8221;1_2,1_2&#8243; _builder_version=&#8221;4.8.0&#8243; _module_preset=&#8221;default&#8221;][et_pb_column type=&#8221;1_2&#8243; _builder_version=&#8221;4.8.0&#8243; _module_preset=&#8221;default&#8221;][et_pb_image src=&#8221;https:\/\/nueva.cygsa.es\/wp-content\/uploads\/2015\/02\/0_codos.jpg&#8221; title_text=&#8221;0_codos&#8221; _builder_version=&#8221;4.8.0&#8243; _module_preset=&#8221;default&#8221;][\/et_pb_image][et_pb_text _builder_version=&#8221;4.8.0&#8243; _module_preset=&#8221;default&#8221; hover_enabled=&#8221;0&#8243; sticky_enabled=&#8221;0&#8243;]<\/p>\n<h2 style=\"text-align: center;\">Fittings (pressure, evacuation)<\/h2>\n<div class=\"title-sep-container\"><\/div>\n<p>[\/et_pb_text][\/et_pb_column][et_pb_column type=&#8221;1_2&#8243; _builder_version=&#8221;4.8.0&#8243; _module_preset=&#8221;default&#8221;][et_pb_image src=&#8221;https:\/\/nueva.cygsa.es\/wp-content\/uploads\/2014\/12\/0_paneles.jpg&#8221; title_text=&#8221;0_paneles&#8221; _builder_version=&#8221;4.8.0&#8243; _module_preset=&#8221;default&#8221;][\/et_pb_image][et_pb_text _builder_version=&#8221;4.8.0&#8243; _module_preset=&#8221;default&#8221; hover_enabled=&#8221;0&#8243; sticky_enabled=&#8221;0&#8243;]<\/p>\n<h2 style=\"text-align: center;\">Fire retardant compound panels for covering facades<\/h2>\n<p>[\/et_pb_text][\/et_pb_column][\/et_pb_row][et_pb_row column_structure=&#8221;1_2,1_2&#8243; _builder_version=&#8221;4.8.0&#8243; _module_preset=&#8221;default&#8221;][et_pb_column type=&#8221;1_2&#8243; _builder_version=&#8221;4.8.0&#8243; _module_preset=&#8221;default&#8221;][et_pb_image src=&#8221;https:\/\/nueva.cygsa.es\/wp-content\/uploads\/2014\/12\/02_manguera.jpg&#8221; title_text=&#8221;02_manguera&#8221; _builder_version=&#8221;4.8.0&#8243; _module_preset=&#8221;default&#8221;][\/et_pb_image][et_pb_text _builder_version=&#8221;4.8.0&#8243; _module_preset=&#8221;default&#8221; hover_enabled=&#8221;0&#8243; sticky_enabled=&#8221;0&#8243;]<\/p>\n<h2 style=\"text-align: center;\">Industrial, spiral, food industry hoses Irrigation hoses. Miscellaneous tubes<\/h2>\n<p>[\/et_pb_text][\/et_pb_column][et_pb_column type=&#8221;1_2&#8243; _builder_version=&#8221;4.8.0&#8243; _module_preset=&#8221;default&#8221;][et_pb_image src=&#8221;https:\/\/nueva.cygsa.es\/wp-content\/uploads\/2014\/12\/02_piscina.jpg&#8221; title_text=&#8221;02_piscina&#8221; _builder_version=&#8221;4.8.0&#8243; _module_preset=&#8221;default&#8221;][\/et_pb_image][et_pb_text _builder_version=&#8221;4.8.0&#8243; _module_preset=&#8221;default&#8221; hover_enabled=&#8221;0&#8243; sticky_enabled=&#8221;0&#8243;]<\/p>\n<h2 style=\"text-align: center;\">Resistant membranes for covering tunnels, swimming pools, etc.<\/h2>\n<p>[\/et_pb_text][\/et_pb_column][\/et_pb_row][et_pb_row column_structure=&#8221;1_2,1_2&#8243; _builder_version=&#8221;4.8.0&#8243; _module_preset=&#8221;default&#8221;][et_pb_column type=&#8221;1_2&#8243; _builder_version=&#8221;4.8.0&#8243; _module_preset=&#8221;default&#8221;][et_pb_image src=&#8221;https:\/\/nueva.cygsa.es\/wp-content\/uploads\/2014\/12\/02_pared.jpg&#8221; title_text=&#8221;02_pared&#8221; _builder_version=&#8221;4.8.0&#8243; _module_preset=&#8221;default&#8221;][\/et_pb_image][et_pb_text _builder_version=&#8221;4.8.0&#8243; _module_preset=&#8221;default&#8221; hover_enabled=&#8221;0&#8243; sticky_enabled=&#8221;0&#8243;]<\/p>\n<h2 style=\"text-align: center;\">Wall covering profiles (Class M1)<br \/>\n<\/h2>\n<p>[\/et_pb_text][\/et_pb_column][et_pb_column type=&#8221;1_2&#8243; _builder_version=&#8221;4.8.0&#8243; _module_preset=&#8221;default&#8221;][et_pb_image src=&#8221;https:\/\/nueva.cygsa.es\/wp-content\/uploads\/2014\/12\/02_canalon.jpg&#8221; title_text=&#8221;02_canalon&#8221; _builder_version=&#8221;4.8.0&#8243; _module_preset=&#8221;default&#8221;][\/et_pb_image][et_pb_text _builder_version=&#8221;4.8.0&#8243; _module_preset=&#8221;default&#8221; hover_enabled=&#8221;0&#8243; sticky_enabled=&#8221;0&#8243;]<\/p>\n<h2 style=\"text-align: center;\">Ducts<\/h2>\n<p>[\/et_pb_text][\/et_pb_column][\/et_pb_row][\/et_pb_section]<\/p>\n","protected":false},"excerpt":{"rendered":"<p>Vinyl floors Window profiles and glazing seals, shutter boxes \u2026 Fittings (pressure, evacuation) Fire retardant compound panels for covering facades Industrial, spiral, food industry hoses Irrigation hoses. Miscellaneous tubes Resistant membranes for covering tunnels, swimming pools, etc. Wall covering profiles (Class M1) Ducts<\/p>\n","protected":false},"author":1,"featured_media":0,"parent":6870,"menu_order":0,"comment_status":"closed","ping_status":"closed","template":"","meta":{"_et_pb_use_builder":"on","_et_pb_old_content":"","_et_gb_content_width":"","footnotes":""},"class_list":["post-6873","page","type-page","status-publish","hentry"],"yoast_head":"<!-- This site is optimized with the Yoast SEO plugin v27.1.1 - https:\/\/yoast.com\/product\/yoast-seo-wordpress\/ -->\n<title>Construcci\u00f3n - Cygsa - Fabricantes de compuestos de pl\u00e1sticos<\/title>\n<meta name=\"robots\" content=\"index, follow, max-snippet:-1, max-image-preview:large, max-video-preview:-1\" \/>\n<link rel=\"canonical\" href=\"https:\/\/cygsa.es\/en\/aplicaciones\/construccion\/\" \/>\n<meta property=\"og:locale\" content=\"en_US\" \/>\n<meta property=\"og:type\" content=\"article\" \/>\n<meta property=\"og:title\" content=\"Construcci\u00f3n - Cygsa - Fabricantes de compuestos de pl\u00e1sticos\" \/>\n<meta property=\"og:description\" content=\"Vinyl floors Window profiles and glazing seals, shutter boxes \u2026 Fittings (pressure, evacuation) Fire retardant compound panels for covering facades Industrial, spiral, food industry hoses Irrigation hoses. Miscellaneous tubes Resistant membranes for covering tunnels, swimming pools, etc. Wall covering profiles (Class M1) Ducts\" \/>\n<meta property=\"og:url\" content=\"https:\/\/cygsa.es\/en\/aplicaciones\/construccion\/\" \/>\n<meta property=\"og:site_name\" content=\"Cygsa - Fabricantes de compuestos de pl\u00e1sticos\" \/>\n<meta property=\"article:modified_time\" content=\"2021-01-28T12:13:51+00:00\" \/>\n<meta name=\"twitter:card\" content=\"summary_large_image\" \/>\n<meta name=\"twitter:label1\" content=\"Est. reading time\" \/>\n\t<meta name=\"twitter:data1\" content=\"3 minutes\" \/>\n<script type=\"application\/ld+json\" class=\"yoast-schema-graph\">{\"@context\":\"https:\/\/schema.org\",\"@graph\":[{\"@type\":\"WebPage\",\"@id\":\"https:\/\/cygsa.es\/en\/aplicaciones\/construccion\/\",\"url\":\"https:\/\/cygsa.es\/en\/aplicaciones\/construccion\/\",\"name\":\"Construcci\u00f3n - Cygsa - Fabricantes de compuestos de pl\u00e1sticos\",\"isPartOf\":{\"@id\":\"https:\/\/cygsa.es\/en\/#website\"},\"datePublished\":\"2021-01-27T11:33:23+00:00\",\"dateModified\":\"2021-01-28T12:13:51+00:00\",\"breadcrumb\":{\"@id\":\"https:\/\/cygsa.es\/en\/aplicaciones\/construccion\/#breadcrumb\"},\"inLanguage\":\"en-US\",\"potentialAction\":[{\"@type\":\"ReadAction\",\"target\":[\"https:\/\/cygsa.es\/en\/aplicaciones\/construccion\/\"]}]},{\"@type\":\"BreadcrumbList\",\"@id\":\"https:\/\/cygsa.es\/en\/aplicaciones\/construccion\/#breadcrumb\",\"itemListElement\":[{\"@type\":\"ListItem\",\"position\":1,\"name\":\"Portada\",\"item\":\"https:\/\/cygsa.es\/en\/\"},{\"@type\":\"ListItem\",\"position\":2,\"name\":\"Aplicaciones\",\"item\":\"https:\/\/cygsa.es\/en\/aplicaciones\/\"},{\"@type\":\"ListItem\",\"position\":3,\"name\":\"Construcci\u00f3n\"}]},{\"@type\":\"WebSite\",\"@id\":\"https:\/\/cygsa.es\/en\/#website\",\"url\":\"https:\/\/cygsa.es\/en\/\",\"name\":\"Cygsa - Fabricantes de compuestos de pl\u00e1sticos\",\"description\":\"Trabajamos para conseguir la m\u00e1xima satisfacci\u00f3n de nuestros clientes a trav\u00e9s de un procedimiento de trabajo lo m\u00e1s sostenible posible\",\"potentialAction\":[{\"@type\":\"SearchAction\",\"target\":{\"@type\":\"EntryPoint\",\"urlTemplate\":\"https:\/\/cygsa.es\/en\/?s={search_term_string}\"},\"query-input\":{\"@type\":\"PropertyValueSpecification\",\"valueRequired\":true,\"valueName\":\"search_term_string\"}}],\"inLanguage\":\"en-US\"}]}<\/script>\n<!-- \/ Yoast SEO plugin. -->","yoast_head_json":{"title":"Construcci\u00f3n - Cygsa - Fabricantes de compuestos de pl\u00e1sticos","robots":{"index":"index","follow":"follow","max-snippet":"max-snippet:-1","max-image-preview":"max-image-preview:large","max-video-preview":"max-video-preview:-1"},"canonical":"https:\/\/cygsa.es\/en\/aplicaciones\/construccion\/","og_locale":"en_US","og_type":"article","og_title":"Construcci\u00f3n - Cygsa - Fabricantes de compuestos de pl\u00e1sticos","og_description":"Vinyl floors Window profiles and glazing seals, shutter boxes \u2026 Fittings (pressure, evacuation) Fire retardant compound panels for covering facades Industrial, spiral, food industry hoses Irrigation hoses. Miscellaneous tubes Resistant membranes for covering tunnels, swimming pools, etc. Wall covering profiles (Class M1) Ducts","og_url":"https:\/\/cygsa.es\/en\/aplicaciones\/construccion\/","og_site_name":"Cygsa - Fabricantes de compuestos de pl\u00e1sticos","article_modified_time":"2021-01-28T12:13:51+00:00","twitter_card":"summary_large_image","twitter_misc":{"Est. reading time":"3 minutes"},"schema":{"@context":"https:\/\/schema.org","@graph":[{"@type":"WebPage","@id":"https:\/\/cygsa.es\/en\/aplicaciones\/construccion\/","url":"https:\/\/cygsa.es\/en\/aplicaciones\/construccion\/","name":"Construcci\u00f3n - Cygsa - Fabricantes de compuestos de pl\u00e1sticos","isPartOf":{"@id":"https:\/\/cygsa.es\/en\/#website"},"datePublished":"2021-01-27T11:33:23+00:00","dateModified":"2021-01-28T12:13:51+00:00","breadcrumb":{"@id":"https:\/\/cygsa.es\/en\/aplicaciones\/construccion\/#breadcrumb"},"inLanguage":"en-US","potentialAction":[{"@type":"ReadAction","target":["https:\/\/cygsa.es\/en\/aplicaciones\/construccion\/"]}]},{"@type":"BreadcrumbList","@id":"https:\/\/cygsa.es\/en\/aplicaciones\/construccion\/#breadcrumb","itemListElement":[{"@type":"ListItem","position":1,"name":"Portada","item":"https:\/\/cygsa.es\/en\/"},{"@type":"ListItem","position":2,"name":"Aplicaciones","item":"https:\/\/cygsa.es\/en\/aplicaciones\/"},{"@type":"ListItem","position":3,"name":"Construcci\u00f3n"}]},{"@type":"WebSite","@id":"https:\/\/cygsa.es\/en\/#website","url":"https:\/\/cygsa.es\/en\/","name":"Cygsa - Fabricantes de compuestos de pl\u00e1sticos","description":"Trabajamos para conseguir la m\u00e1xima satisfacci\u00f3n de nuestros clientes a trav\u00e9s de un procedimiento de trabajo lo m\u00e1s sostenible posible","potentialAction":[{"@type":"SearchAction","target":{"@type":"EntryPoint","urlTemplate":"https:\/\/cygsa.es\/en\/?s={search_term_string}"},"query-input":{"@type":"PropertyValueSpecification","valueRequired":true,"valueName":"search_term_string"}}],"inLanguage":"en-US"}]}},"_links":{"self":[{"href":"https:\/\/cygsa.es\/en\/wp-json\/wp\/v2\/pages\/6873","targetHints":{"allow":["GET"]}}],"collection":[{"href":"https:\/\/cygsa.es\/en\/wp-json\/wp\/v2\/pages"}],"about":[{"href":"https:\/\/cygsa.es\/en\/wp-json\/wp\/v2\/types\/page"}],"author":[{"embeddable":true,"href":"https:\/\/cygsa.es\/en\/wp-json\/wp\/v2\/users\/1"}],"replies":[{"embeddable":true,"href":"https:\/\/cygsa.es\/en\/wp-json\/wp\/v2\/comments?post=6873"}],"version-history":[{"count":1,"href":"https:\/\/cygsa.es\/en\/wp-json\/wp\/v2\/pages\/6873\/revisions"}],"predecessor-version":[{"id":6923,"href":"https:\/\/cygsa.es\/en\/wp-json\/wp\/v2\/pages\/6873\/revisions\/6923"}],"up":[{"embeddable":true,"href":"https:\/\/cygsa.es\/en\/wp-json\/wp\/v2\/pages\/6870"}],"wp:attachment":[{"href":"https:\/\/cygsa.es\/en\/wp-json\/wp\/v2\/media?parent=6873"}],"curies":[{"name":"wp","href":"https:\/\/api.w.org\/{rel}","templated":true}]}}