{"id":6880,"date":"2021-01-20T11:45:41","date_gmt":"2021-01-20T11:45:41","guid":{"rendered":"https:\/\/nueva.cygsa.es\/covid\/"},"modified":"2023-12-20T09:11:31","modified_gmt":"2023-12-20T09:11:31","slug":"covid","status":"publish","type":"page","link":"https:\/\/cygsa.es\/en\/covid\/","title":{"rendered":"Covid"},"content":{"rendered":"<p>[et_pb_section fb_built=&#8221;1&#8243; _builder_version=&#8221;4.15&#8243; _module_preset=&#8221;default&#8221; global_colors_info=&#8221;{}&#8221;][et_pb_row _builder_version=&#8221;4.15&#8243; _module_preset=&#8221;default&#8221; global_colors_info=&#8221;{}&#8221;][et_pb_column type=&#8221;4_4&#8243; _builder_version=&#8221;4.15&#8243; _module_preset=&#8221;default&#8221; global_colors_info=&#8221;{}&#8221;][et_pb_text _builder_version=&#8221;4.15&#8243; _module_preset=&#8221;default&#8221; global_colors_info=&#8221;{}&#8221;]<\/p>\n<div class=\"entry-content\">\n<p>As established in the Code of Ethics and Regulations of Ethical Conduct of the CIRES group, all people who work in the group have the responsibility of acting with integrity, transparency, commitment and respect for the law and its internal regulations, as well as the duty to cooperate to prevent any person from acting incorrectly or without integrity, actively promoting the communication of any possible irregularity or non-compliance.<\/p>\n<p>The CIRES group is made up of the parent company Companhia Industrial de Resinas Sinteticas, CIRES, Lda. and its subsidiaries, including Compuestos y Granzas, S.A.U. Companhia Industrial de Resinas Sinteticas, CIRES, Lda approved the management policy of the Whistleblowing Channel for the CIRES group, the person responsible for it and the principles that govern it. In the case of CYGSA, this group policy is complemented by the management criteria for said complaints in compliance with Law 2\/2023, included in the Management Procedure of the Compuestos y Granzas S.A.U. Complaint Channel.<\/p>\n<p>The complaints channel is made available to all workers in the company, as well as third parties, whether they are suppliers, contractors, etc.<\/p>\n<p>Any complaint regarding violations of the law in the scope of your professional activity or that involve a crime is the subject of communication through this channel.<\/p>\n<p>The reporting channel guarantees the confidentiality of the identity of the informant and any third party mentioned in the communication, and of the actions carried out in its processing, preventing access by unauthorized personnel. The provisions on personal data will be respected in accordance with the provisions of the law.<\/p>\n<p>To make a report send an email to canaldenuncia@mailcygsa.es or click<span style=\"font-size: 14px;\"> <\/span><a href=\"mailto:canaldenuncia@mailcygsa.es\" style=\"font-size: 14px;\">here<\/a><span style=\"font-size: 14px;\">.<\/span><\/p>\n<\/div>\n<p>[\/et_pb_text][\/et_pb_column][\/et_pb_row][\/et_pb_section]<\/p>\n","protected":false},"excerpt":{"rendered":"<p>As established in the Code of Ethics and Regulations of Ethical Conduct of the CIRES group, all people who work in the group have the responsibility of acting with integrity, transparency, commitment and respect for the law and its internal regulations, as well as the duty to cooperate to prevent any person from acting incorrectly [&hellip;]<\/p>\n","protected":false},"author":1,"featured_media":0,"parent":0,"menu_order":0,"comment_status":"closed","ping_status":"closed","template":"","meta":{"_et_pb_use_builder":"on","_et_pb_old_content":"","_et_gb_content_width":"","footnotes":""},"class_list":["post-6880","page","type-page","status-publish","hentry"],"yoast_head":"<!-- This site is optimized with the Yoast SEO plugin v27.1.1 - https:\/\/yoast.com\/product\/yoast-seo-wordpress\/ -->\n<title>Covid - Cygsa - Fabricantes de compuestos de pl\u00e1sticos<\/title>\n<meta name=\"robots\" content=\"index, follow, max-snippet:-1, max-image-preview:large, max-video-preview:-1\" \/>\n<link rel=\"canonical\" href=\"https:\/\/cygsa.es\/en\/covid\/\" \/>\n<meta property=\"og:locale\" content=\"en_US\" \/>\n<meta property=\"og:type\" content=\"article\" \/>\n<meta property=\"og:title\" content=\"Covid - Cygsa - Fabricantes de compuestos de pl\u00e1sticos\" \/>\n<meta property=\"og:description\" content=\"As established in the Code of Ethics and Regulations of Ethical Conduct of the CIRES group, all people who work in the group have the responsibility of acting with integrity, transparency, commitment and respect for the law and its internal regulations, as well as the duty to cooperate to prevent any person from acting incorrectly [&hellip;]\" \/>\n<meta property=\"og:url\" content=\"https:\/\/cygsa.es\/en\/covid\/\" \/>\n<meta property=\"og:site_name\" content=\"Cygsa - Fabricantes de compuestos de pl\u00e1sticos\" \/>\n<meta property=\"article:modified_time\" content=\"2023-12-20T09:11:31+00:00\" \/>\n<meta name=\"twitter:card\" content=\"summary_large_image\" \/>\n<meta name=\"twitter:label1\" content=\"Est. reading time\" \/>\n\t<meta name=\"twitter:data1\" content=\"2 minutes\" \/>\n<script type=\"application\/ld+json\" class=\"yoast-schema-graph\">{\"@context\":\"https:\/\/schema.org\",\"@graph\":[{\"@type\":\"WebPage\",\"@id\":\"https:\/\/cygsa.es\/en\/covid\/\",\"url\":\"https:\/\/cygsa.es\/en\/covid\/\",\"name\":\"Covid - Cygsa - Fabricantes de compuestos de pl\u00e1sticos\",\"isPartOf\":{\"@id\":\"https:\/\/cygsa.es\/en\/#website\"},\"datePublished\":\"2021-01-20T11:45:41+00:00\",\"dateModified\":\"2023-12-20T09:11:31+00:00\",\"breadcrumb\":{\"@id\":\"https:\/\/cygsa.es\/en\/covid\/#breadcrumb\"},\"inLanguage\":\"en-US\",\"potentialAction\":[{\"@type\":\"ReadAction\",\"target\":[\"https:\/\/cygsa.es\/en\/covid\/\"]}]},{\"@type\":\"BreadcrumbList\",\"@id\":\"https:\/\/cygsa.es\/en\/covid\/#breadcrumb\",\"itemListElement\":[{\"@type\":\"ListItem\",\"position\":1,\"name\":\"Portada\",\"item\":\"https:\/\/cygsa.es\/en\/\"},{\"@type\":\"ListItem\",\"position\":2,\"name\":\"Covid\"}]},{\"@type\":\"WebSite\",\"@id\":\"https:\/\/cygsa.es\/en\/#website\",\"url\":\"https:\/\/cygsa.es\/en\/\",\"name\":\"Cygsa - Fabricantes de compuestos de pl\u00e1sticos\",\"description\":\"Trabajamos para conseguir la m\u00e1xima satisfacci\u00f3n de nuestros clientes a trav\u00e9s de un procedimiento de trabajo lo m\u00e1s sostenible posible\",\"potentialAction\":[{\"@type\":\"SearchAction\",\"target\":{\"@type\":\"EntryPoint\",\"urlTemplate\":\"https:\/\/cygsa.es\/en\/?s={search_term_string}\"},\"query-input\":{\"@type\":\"PropertyValueSpecification\",\"valueRequired\":true,\"valueName\":\"search_term_string\"}}],\"inLanguage\":\"en-US\"}]}<\/script>\n<!-- \/ Yoast SEO plugin. -->","yoast_head_json":{"title":"Covid - Cygsa - Fabricantes de compuestos de pl\u00e1sticos","robots":{"index":"index","follow":"follow","max-snippet":"max-snippet:-1","max-image-preview":"max-image-preview:large","max-video-preview":"max-video-preview:-1"},"canonical":"https:\/\/cygsa.es\/en\/covid\/","og_locale":"en_US","og_type":"article","og_title":"Covid - Cygsa - Fabricantes de compuestos de pl\u00e1sticos","og_description":"As established in the Code of Ethics and Regulations of Ethical Conduct of the CIRES group, all people who work in the group have the responsibility of acting with integrity, transparency, commitment and respect for the law and its internal regulations, as well as the duty to cooperate to prevent any person from acting incorrectly [&hellip;]","og_url":"https:\/\/cygsa.es\/en\/covid\/","og_site_name":"Cygsa - Fabricantes de compuestos de pl\u00e1sticos","article_modified_time":"2023-12-20T09:11:31+00:00","twitter_card":"summary_large_image","twitter_misc":{"Est. reading time":"2 minutes"},"schema":{"@context":"https:\/\/schema.org","@graph":[{"@type":"WebPage","@id":"https:\/\/cygsa.es\/en\/covid\/","url":"https:\/\/cygsa.es\/en\/covid\/","name":"Covid - Cygsa - Fabricantes de compuestos de pl\u00e1sticos","isPartOf":{"@id":"https:\/\/cygsa.es\/en\/#website"},"datePublished":"2021-01-20T11:45:41+00:00","dateModified":"2023-12-20T09:11:31+00:00","breadcrumb":{"@id":"https:\/\/cygsa.es\/en\/covid\/#breadcrumb"},"inLanguage":"en-US","potentialAction":[{"@type":"ReadAction","target":["https:\/\/cygsa.es\/en\/covid\/"]}]},{"@type":"BreadcrumbList","@id":"https:\/\/cygsa.es\/en\/covid\/#breadcrumb","itemListElement":[{"@type":"ListItem","position":1,"name":"Portada","item":"https:\/\/cygsa.es\/en\/"},{"@type":"ListItem","position":2,"name":"Covid"}]},{"@type":"WebSite","@id":"https:\/\/cygsa.es\/en\/#website","url":"https:\/\/cygsa.es\/en\/","name":"Cygsa - Fabricantes de compuestos de pl\u00e1sticos","description":"Trabajamos para conseguir la m\u00e1xima satisfacci\u00f3n de nuestros clientes a trav\u00e9s de un procedimiento de trabajo lo m\u00e1s sostenible posible","potentialAction":[{"@type":"SearchAction","target":{"@type":"EntryPoint","urlTemplate":"https:\/\/cygsa.es\/en\/?s={search_term_string}"},"query-input":{"@type":"PropertyValueSpecification","valueRequired":true,"valueName":"search_term_string"}}],"inLanguage":"en-US"}]}},"_links":{"self":[{"href":"https:\/\/cygsa.es\/en\/wp-json\/wp\/v2\/pages\/6880","targetHints":{"allow":["GET"]}}],"collection":[{"href":"https:\/\/cygsa.es\/en\/wp-json\/wp\/v2\/pages"}],"about":[{"href":"https:\/\/cygsa.es\/en\/wp-json\/wp\/v2\/types\/page"}],"author":[{"embeddable":true,"href":"https:\/\/cygsa.es\/en\/wp-json\/wp\/v2\/users\/1"}],"replies":[{"embeddable":true,"href":"https:\/\/cygsa.es\/en\/wp-json\/wp\/v2\/comments?post=6880"}],"version-history":[{"count":7,"href":"https:\/\/cygsa.es\/en\/wp-json\/wp\/v2\/pages\/6880\/revisions"}],"predecessor-version":[{"id":7442,"href":"https:\/\/cygsa.es\/en\/wp-json\/wp\/v2\/pages\/6880\/revisions\/7442"}],"wp:attachment":[{"href":"https:\/\/cygsa.es\/en\/wp-json\/wp\/v2\/media?parent=6880"}],"curies":[{"name":"wp","href":"https:\/\/api.w.org\/{rel}","templated":true}]}}