{"id":6886,"date":"2021-01-20T12:23:33","date_gmt":"2021-01-20T12:23:33","guid":{"rendered":"https:\/\/nueva.cygsa.es\/politica\/"},"modified":"2025-03-25T08:28:05","modified_gmt":"2025-03-25T08:28:05","slug":"politica","status":"publish","type":"page","link":"https:\/\/cygsa.es\/en\/politica\/","title":{"rendered":"Pol\u00edtica"},"content":{"rendered":"<p>[et_pb_section fb_built=&#8221;1&#8243; fullwidth=&#8221;on&#8221; _builder_version=&#8221;4.16&#8243; _module_preset=&#8221;default&#8221; global_colors_info=&#8221;{}&#8221;][et_pb_fullwidth_header _builder_version=&#8221;4.16&#8243; _module_preset=&#8221;default&#8221; title_text_color=&#8221;#000000&#8243; background_color=&#8221;rgba(214,214,214,0.55)&#8221; global_colors_info=&#8221;{}&#8221;]<\/p>\n<h1>A <span style=\"color: #99cc00;\"><strong>Commitment<\/strong><\/span><span>\u00a0<\/span>to Quality, Safety, Health and Environment<\/h1>\n<p>[\/et_pb_fullwidth_header][\/et_pb_section][et_pb_section fb_built=&#8221;1&#8243; _builder_version=&#8221;4.16&#8243; _module_preset=&#8221;default&#8221; global_colors_info=&#8221;{}&#8221;][et_pb_row _builder_version=&#8221;4.16&#8243; _module_preset=&#8221;default&#8221; global_colors_info=&#8221;{}&#8221;][et_pb_column type=&#8221;4_4&#8243; _builder_version=&#8221;4.16&#8243; _module_preset=&#8221;default&#8221; global_colors_info=&#8221;{}&#8221;][et_pb_text _builder_version=&#8221;4.16&#8243; _module_preset=&#8221;default&#8221; global_colors_info=&#8221;{}&#8221;]<\/p>\n<p>CYGSA<span>\u00a0<\/span><strong>Integrated Policy<\/strong><span>\u00a0<\/span>is based on 3 key points:<\/p>\n<ul>\n<li>Meeting our customers\u2019<span>\u00a0<\/span><strong>quality<\/strong><span>\u00a0<\/span>needs and expectations.<\/li>\n<li>Proactively protect the<span>\u00a0<\/span><strong>health and safety<\/strong><span>\u00a0<\/span>of our employees \/ collaborators.<\/li>\n<li>Working for the minimization of aspects and the protection of the<span>\u00a0<\/span><strong>environment.<\/strong><\/li>\n<\/ul>\n<p align=\"JUSTIFY\">We are aware that success can only be achieved through hard work, undertaken in conjunction with customers and collaborators. As such, by striving each day and by following the guidelines detailed above, we are sure that we will be able to continue progressing and proposing new challenges for the future.<\/p>\n<p>[\/et_pb_text][\/et_pb_column][\/et_pb_row][et_pb_row column_structure=&#8221;1_3,1_3,1_3&#8243; _builder_version=&#8221;4.16&#8243; _module_preset=&#8221;default&#8221; global_colors_info=&#8221;{}&#8221;][et_pb_column type=&#8221;1_3&#8243; _builder_version=&#8221;4.16&#8243; _module_preset=&#8221;default&#8221; global_colors_info=&#8221;{}&#8221;][et_pb_image src=&#8221;https:\/\/nueva.cygsa.es\/wp-content\/uploads\/2014\/12\/Sello_ER.jpg&#8221; title_text=&#8221;Sello_ER&#8221; align=&#8221;center&#8221; _builder_version=&#8221;4.16&#8243; _module_preset=&#8221;default&#8221; custom_margin=&#8221;||11px|||&#8221; global_colors_info=&#8221;{}&#8221;][\/et_pb_image][et_pb_text _builder_version=&#8221;4.16&#8243; _module_preset=&#8221;default&#8221; global_colors_info=&#8221;{}&#8221;]<\/p>\n<p style=\"text-align: center;\">Registered company<\/p>\n<p>[\/et_pb_text][et_pb_button button_url=&#8221;\/wp-content\/uploads\/2025\/03\/ER25.pdf&#8221; url_new_window=&#8221;on&#8221; button_text=&#8221;Download&#8221; button_alignment=&#8221;center&#8221; _builder_version=&#8221;4.27.4&#8243; _module_preset=&#8221;default&#8221; custom_button=&#8221;on&#8221; button_text_size=&#8221;13px&#8221; button_text_color=&#8221;#AADB24&#8243; hover_enabled=&#8221;0&#8243; global_colors_info=&#8221;{}&#8221; sticky_enabled=&#8221;0&#8243;][\/et_pb_button][\/et_pb_column][et_pb_column type=&#8221;1_3&#8243; _builder_version=&#8221;4.16&#8243; _module_preset=&#8221;default&#8221; global_colors_info=&#8221;{}&#8221;][et_pb_image src=&#8221;https:\/\/nueva.cygsa.es\/wp-content\/uploads\/2014\/12\/Sello_GA.jpg&#8221; title_text=&#8221;Sello_GA&#8221; align=&#8221;center&#8221; _builder_version=&#8221;4.16&#8243; _module_preset=&#8221;default&#8221; custom_margin=&#8221;||11px|||&#8221; global_colors_info=&#8221;{}&#8221;][\/et_pb_image][et_pb_text _builder_version=&#8221;4.16&#8243; _module_preset=&#8221;default&#8221; global_colors_info=&#8221;{}&#8221;]<\/p>\n<p style=\"text-align: center;\">Environmental management<\/p>\n<p>[\/et_pb_text][et_pb_button button_url=&#8221;\/wp-content\/uploads\/2025\/03\/GA25.pdf&#8221; url_new_window=&#8221;on&#8221; button_text=&#8221;Download&#8221; button_alignment=&#8221;center&#8221; _builder_version=&#8221;4.27.4&#8243; _module_preset=&#8221;default&#8221; custom_button=&#8221;on&#8221; button_text_size=&#8221;13px&#8221; button_text_color=&#8221;#AADB24&#8243; hover_enabled=&#8221;0&#8243; global_colors_info=&#8221;{}&#8221; sticky_enabled=&#8221;0&#8243;][\/et_pb_button][\/et_pb_column][et_pb_column type=&#8221;1_3&#8243; _builder_version=&#8221;4.16&#8243; _module_preset=&#8221;default&#8221; global_colors_info=&#8221;{}&#8221;][et_pb_image src=&#8221;https:\/\/cygsa.es\/wp-content\/uploads\/2021\/02\/iso.png&#8221; title_text=&#8221;iso&#8221; align=&#8221;center&#8221; _builder_version=&#8221;4.16&#8243; _module_preset=&#8221;default&#8221; custom_margin=&#8221;||11px|||&#8221; global_colors_info=&#8221;{}&#8221;][\/et_pb_image][et_pb_text _builder_version=&#8221;4.16&#8243; _module_preset=&#8221;default&#8221; global_colors_info=&#8221;{}&#8221;]<\/p>\n<p style=\"text-align: center;\">Occupational safety and healt<\/p>\n<p>[\/et_pb_text][et_pb_button button_url=&#8221;@ET-DC@eyJkeW5hbWljIjp0cnVlLCJjb250ZW50IjoicG9zdF9saW5rX3VybF9hdHRhY2htZW50Iiwic2V0dGluZ3MiOnsicG9zdF9pZCI6IjczODYifX0=@&#8221; url_new_window=&#8221;on&#8221; button_text=&#8221;Download&#8221; button_alignment=&#8221;center&#8221; _builder_version=&#8221;4.16&#8243; _dynamic_attributes=&#8221;button_url&#8221; _module_preset=&#8221;default&#8221; custom_button=&#8221;on&#8221; button_text_size=&#8221;13px&#8221; button_text_color=&#8221;#AADB24&#8243; global_colors_info=&#8221;{}&#8221;][\/et_pb_button][\/et_pb_column][\/et_pb_row][et_pb_row _builder_version=&#8221;4.16&#8243; _module_preset=&#8221;default&#8221; global_colors_info=&#8221;{}&#8221;][et_pb_column type=&#8221;4_4&#8243; _builder_version=&#8221;4.16&#8243; _module_preset=&#8221;default&#8221; global_colors_info=&#8221;{}&#8221;][et_pb_text _builder_version=&#8221;4.16&#8243; _module_preset=&#8221;default&#8221; global_colors_info=&#8221;{}&#8221;]<\/p>\n<p><span>Integrated Policy is available for the interested parties. You could ask for a copy through our <a href=\"https:\/\/cygsa.es\/en\/contacta\/\">contact<\/a> section.<\/span><\/p>\n<p>[\/et_pb_text][\/et_pb_column][\/et_pb_row][et_pb_row column_structure=&#8221;3_4,1_4&#8243; _builder_version=&#8221;4.16&#8243; _module_preset=&#8221;default&#8221; locked=&#8221;off&#8221; global_colors_info=&#8221;{}&#8221;][et_pb_column type=&#8221;3_4&#8243; _builder_version=&#8221;4.16&#8243; _module_preset=&#8221;default&#8221; global_colors_info=&#8221;{}&#8221;][et_pb_text _builder_version=&#8221;4.16&#8243; _module_preset=&#8221;default&#8221; global_colors_info=&#8221;{}&#8221;]<\/p>\n<h3><strong>Adherence to the OCS program (Operation Clean Sweep)<\/strong><\/h3>\n<p><strong><\/strong><\/p>\n<p>CYGSA voluntarily adheres to the OCS (Operation Clean Sweep) program, the purpose of which is to reduce the environmental impact caused by the loss of pellets in our daily operations.<\/p>\n<p>This commitment has been translated into the establishment of a sustainability strategy that has resulted in a series of internal initiatives in line with the objective and philosophy of the OCS program, \u201czero pellets loss\u201d.<\/p>\n<p>CYGSA encourages all our collaborators, suppliers and customers, as fundamental parts of our value chain, to implement and promote these good practices that, without a doubt, will contribute to preventing the dissemination of pellets to the environment, the main objective of the OCS program.<\/p>\n<p>[\/et_pb_text][\/et_pb_column][et_pb_column type=&#8221;1_4&#8243; _builder_version=&#8221;4.16&#8243; _module_preset=&#8221;default&#8221; global_colors_info=&#8221;{}&#8221;][et_pb_image src=&#8221;https:\/\/nueva.cygsa.es\/wp-content\/uploads\/2020\/12\/ocs.png&#8221; title_text=&#8221;ocs&#8221; _builder_version=&#8221;4.16&#8243; _module_preset=&#8221;default&#8221; max_width=&#8221;31%&#8221; module_alignment=&#8221;center&#8221; custom_margin=&#8221;40px|||||&#8221; global_colors_info=&#8221;{}&#8221;][\/et_pb_image][et_pb_button button_url=&#8221;https:\/\/cygsa.es\/wp-content\/uploads\/2021\/02\/CertificadoOCS.pdf&#8221; url_new_window=&#8221;on&#8221; button_text=&#8221;Download&#8221; button_alignment=&#8221;center&#8221; admin_label=&#8221;Bot\u00f3n&#8221; _builder_version=&#8221;4.16&#8243; _module_preset=&#8221;default&#8221; custom_button=&#8221;on&#8221; button_text_size=&#8221;13px&#8221; button_text_color=&#8221;#AADB24&#8243; global_colors_info=&#8221;{}&#8221;][\/et_pb_button][\/et_pb_column][\/et_pb_row][\/et_pb_section][et_pb_section fb_built=&#8221;1&#8243; fullwidth=&#8221;on&#8221; _builder_version=&#8221;4.16&#8243; _module_preset=&#8221;default&#8221; global_colors_info=&#8221;{}&#8221;][et_pb_fullwidth_header _builder_version=&#8221;4.16&#8243; _module_preset=&#8221;default&#8221; title_text_color=&#8221;#000000&#8243; background_color=&#8221;rgba(214,214,214,0.55)&#8221; global_colors_info=&#8221;{}&#8221;]<\/p>\n<h1>Commitment to<span>\u00a0<\/span><span style=\"color: #99cc00;\"><strong>Sustainability<\/strong><\/span><\/h1>\n<p>[\/et_pb_fullwidth_header][\/et_pb_section][et_pb_section fb_built=&#8221;1&#8243; _builder_version=&#8221;4.16&#8243; _module_preset=&#8221;default&#8221; custom_padding=&#8221;4px|||||&#8221; global_colors_info=&#8221;{}&#8221;][et_pb_row column_structure=&#8221;3_5,2_5&#8243; _builder_version=&#8221;4.16&#8243; _module_preset=&#8221;default&#8221; global_colors_info=&#8221;{}&#8221;][et_pb_column type=&#8221;3_5&#8243; _builder_version=&#8221;4.16&#8243; _module_preset=&#8221;default&#8221; global_colors_info=&#8221;{}&#8221;][et_pb_text _builder_version=&#8221;4.16&#8243; _module_preset=&#8221;default&#8221; custom_padding=&#8221;66px|||||&#8221; global_colors_info=&#8221;{}&#8221;]<\/p>\n<p>As part of the European PVC industry, at CYGSA we are equally<span>\u00a0<\/span><strong>committed<\/strong><span>\u00a0<\/span>to the conservation of the established objectives on sustainability.<\/p>\n<p>As such, we work each day to establish the<span>\u00a0<\/span><strong>responsible use<\/strong><span>\u00a0<\/span>of additives and the minimization of environmental aspects.<\/p>\n<p>Thanks to the support of our closest partners, we are able to adapt our formulas to reflect the changes that take place in the industry.<\/p>\n<p>[\/et_pb_text][\/et_pb_column][et_pb_column type=&#8221;2_5&#8243; _builder_version=&#8221;4.16&#8243; _module_preset=&#8221;default&#8221; global_colors_info=&#8221;{}&#8221;][et_pb_image src=&#8221;https:\/\/nueva.cygsa.es\/wp-content\/uploads\/2019\/11\/mundo.png&#8221; title_text=&#8221;mundo&#8221; _builder_version=&#8221;4.16&#8243; _module_preset=&#8221;default&#8221; global_colors_info=&#8221;{}&#8221;][\/et_pb_image][\/et_pb_column][\/et_pb_row][\/et_pb_section][et_pb_section fb_built=&#8221;1&#8243; fullwidth=&#8221;on&#8221; _builder_version=&#8221;4.16&#8243; _module_preset=&#8221;default&#8221; global_colors_info=&#8221;{}&#8221;][et_pb_fullwidth_header _builder_version=&#8221;4.16&#8243; _module_preset=&#8221;default&#8221; title_text_color=&#8221;#000000&#8243; background_color=&#8221;rgba(214,214,214,0.55)&#8221; global_colors_info=&#8221;{}&#8221;]<\/p>\n<h1>Commitment to<span>\u00a0<\/span><strong><span><span style=\"color: #99cc00;\">Respect <\/span>\u00a0<\/span><\/strong>for Human Rights<\/h1>\n<p>[\/et_pb_fullwidth_header][\/et_pb_section][et_pb_section fb_built=&#8221;1&#8243; _builder_version=&#8221;4.16&#8243; _module_preset=&#8221;default&#8221; global_colors_info=&#8221;{}&#8221;][et_pb_row column_structure=&#8221;3_5,2_5&#8243; _builder_version=&#8221;4.16&#8243; _module_preset=&#8221;default&#8221; global_colors_info=&#8221;{}&#8221;][et_pb_column type=&#8221;3_5&#8243; _builder_version=&#8221;4.16&#8243; _module_preset=&#8221;default&#8221; global_colors_info=&#8221;{}&#8221;][et_pb_text _builder_version=&#8221;4.16&#8243; _module_preset=&#8221;default&#8221; global_colors_info=&#8221;{}&#8221;]<\/p>\n<p>CYGSA, as part of the Shin-Etsu group, strictly complies with all laws and regulations, conducts fair business practices and contributes to people\u2019s daily lives as well as to the advance of industry and society by creating value through the provision of key materials and technologies.<\/p>\n<p>The foundation of this is<span>\u00a0<\/span><strong>respect for human rights<\/strong>.<\/p>\n<p>Each of the group companies respects the human rights of each and every person permanently according to the international code of ethics and actively promotes measures to ensure this.<\/p>\n<p>To view the complete group policy click\u00a0<a href=\"https:\/\/www.cygsa.es\/wp-content\/uploads\/2019\/11\/The-Shin-Etsu-Group-Human-Rights-Policy.pdf\">here<\/a>.<\/p>\n<p>[\/et_pb_text][\/et_pb_column][et_pb_column type=&#8221;2_5&#8243; _builder_version=&#8221;4.16&#8243; _module_preset=&#8221;default&#8221; global_colors_info=&#8221;{}&#8221;][et_pb_image src=&#8221;https:\/\/nueva.cygsa.es\/wp-content\/uploads\/2019\/11\/derechos.png&#8221; title_text=&#8221;derechos&#8221; _builder_version=&#8221;4.16&#8243; _module_preset=&#8221;default&#8221; global_colors_info=&#8221;{}&#8221;][\/et_pb_image][\/et_pb_column][\/et_pb_row][\/et_pb_section][et_pb_section fb_built=&#8221;1&#8243; fullwidth=&#8221;on&#8221; _builder_version=&#8221;4.16&#8243; _module_preset=&#8221;default&#8221; locked=&#8221;off&#8221; global_colors_info=&#8221;{}&#8221;][et_pb_fullwidth_header _builder_version=&#8221;4.16&#8243; _module_preset=&#8221;default&#8221; title_text_color=&#8221;#000000&#8243; background_color=&#8221;rgba(214,214,214,0.55)&#8221; custom_padding=&#8221;0px|||||&#8221; global_colors_info=&#8221;{}&#8221;]<\/p>\n<h1><\/h1>\n<h1><\/h1>\n<h1><\/h1>\n<p>&nbsp;<\/p>\n<h1>&#8220;Spanish and Sustainable Plastics Industry&#8221; Brand <strong><span><span style=\"color: #99cc00;\">Certification<\/span><\/span><\/strong><\/h1>\n<p>[\/et_pb_fullwidth_header][\/et_pb_section][et_pb_section fb_built=&#8221;1&#8243; _builder_version=&#8221;4.16&#8243; _module_preset=&#8221;default&#8221; custom_margin=&#8221;3px|||||&#8221; global_colors_info=&#8221;{}&#8221;][et_pb_row column_structure=&#8221;3_5,2_5&#8243; _builder_version=&#8221;4.16&#8243; _module_preset=&#8221;default&#8221; locked=&#8221;off&#8221; global_colors_info=&#8221;{}&#8221;][et_pb_column type=&#8221;3_5&#8243; _builder_version=&#8221;4.16&#8243; _module_preset=&#8221;default&#8221; global_colors_info=&#8221;{}&#8221;][et_pb_text _builder_version=&#8221;4.16&#8243; _module_preset=&#8221;default&#8221; global_colors_info=&#8221;{}&#8221;]<\/p>\n<p>CYGSA is the first composites manufacturer to obtain the \u201cPlastics Industry\u201d brand.<br \/>Spanish and Sustainable\u201d that ANAIP has just awarded in the 3-star category.<\/p>\n<p>Obtaining this seal represents one more example of the efforts that the company is undertaking year after year to try to be a reference company in the sector, and whose commitment to the environment at both an economic, social and environmental level is undeniable. Sustainability is an absolute priority for the group, which is why they continue to work towards responsible consumption that allows environmental balance and economic growth.<\/p>\n<p>The creation and promotion of this certification demonstrates the importance of the industry<br \/>of plastics at the national level, as well as its circularity and sustainability.<\/p>\n<p><span style=\"font-size: 14px;\">To view the certificate click <\/span><a href=\"https:\/\/cygsa.es\/wp-content\/uploads\/2023\/12\/certificadosello.pdf\" style=\"font-size: 14px;\">here<\/a><span style=\"font-size: 14px;\">.<\/span><\/p>\n<p>[\/et_pb_text][\/et_pb_column][et_pb_column type=&#8221;2_5&#8243; _builder_version=&#8221;4.16&#8243; _module_preset=&#8221;default&#8221; global_colors_info=&#8221;{}&#8221;][et_pb_image src=&#8221;https:\/\/cygsa.es\/wp-content\/uploads\/2023\/12\/marca.png&#8221; title_text=&#8221;marca&#8221; _builder_version=&#8221;4.16&#8243; _module_preset=&#8221;default&#8221; global_colors_info=&#8221;{}&#8221;][\/et_pb_image][\/et_pb_column][\/et_pb_row][\/et_pb_section]<\/p>\n","protected":false},"excerpt":{"rendered":"<p>A Commitment\u00a0to Quality, Safety, Health and EnvironmentCYGSA\u00a0Integrated Policy\u00a0is based on 3 key points: Meeting our customers\u2019\u00a0quality\u00a0needs and expectations. Proactively protect the\u00a0health and safety\u00a0of our employees \/ collaborators. Working for the minimization of aspects and the protection of the\u00a0environment. We are aware that success can only be achieved through hard work, undertaken in conjunction with customers [&hellip;]<\/p>\n","protected":false},"author":1,"featured_media":0,"parent":0,"menu_order":0,"comment_status":"closed","ping_status":"closed","template":"","meta":{"_et_pb_use_builder":"on","_et_pb_old_content":"","_et_gb_content_width":"","footnotes":""},"class_list":["post-6886","page","type-page","status-publish","hentry"],"yoast_head":"<!-- This site is optimized with the Yoast SEO plugin v27.1.1 - https:\/\/yoast.com\/product\/yoast-seo-wordpress\/ -->\n<title>Pol\u00edtica - Cygsa - Fabricantes de compuestos de pl\u00e1sticos<\/title>\n<meta name=\"robots\" content=\"index, follow, max-snippet:-1, max-image-preview:large, max-video-preview:-1\" \/>\n<link rel=\"canonical\" href=\"https:\/\/cygsa.es\/en\/politica\/\" \/>\n<meta property=\"og:locale\" content=\"en_US\" \/>\n<meta property=\"og:type\" content=\"article\" \/>\n<meta property=\"og:title\" content=\"Pol\u00edtica - Cygsa - Fabricantes de compuestos de pl\u00e1sticos\" \/>\n<meta property=\"og:description\" content=\"A Commitment\u00a0to Quality, Safety, Health and EnvironmentCYGSA\u00a0Integrated Policy\u00a0is based on 3 key points: Meeting our customers\u2019\u00a0quality\u00a0needs and expectations. Proactively protect the\u00a0health and safety\u00a0of our employees \/ collaborators. Working for the minimization of aspects and the protection of the\u00a0environment. We are aware that success can only be achieved through hard work, undertaken in conjunction with customers [&hellip;]\" \/>\n<meta property=\"og:url\" content=\"https:\/\/cygsa.es\/en\/politica\/\" \/>\n<meta property=\"og:site_name\" content=\"Cygsa - Fabricantes de compuestos de pl\u00e1sticos\" \/>\n<meta property=\"article:modified_time\" content=\"2025-03-25T08:28:05+00:00\" \/>\n<meta name=\"twitter:card\" content=\"summary_large_image\" \/>\n<meta name=\"twitter:label1\" content=\"Est. reading time\" \/>\n\t<meta name=\"twitter:data1\" content=\"4 minutes\" \/>\n<script type=\"application\/ld+json\" class=\"yoast-schema-graph\">{\"@context\":\"https:\/\/schema.org\",\"@graph\":[{\"@type\":\"WebPage\",\"@id\":\"https:\/\/cygsa.es\/en\/politica\/\",\"url\":\"https:\/\/cygsa.es\/en\/politica\/\",\"name\":\"Pol\u00edtica - Cygsa - Fabricantes de compuestos de pl\u00e1sticos\",\"isPartOf\":{\"@id\":\"https:\/\/cygsa.es\/en\/#website\"},\"datePublished\":\"2021-01-20T12:23:33+00:00\",\"dateModified\":\"2025-03-25T08:28:05+00:00\",\"breadcrumb\":{\"@id\":\"https:\/\/cygsa.es\/en\/politica\/#breadcrumb\"},\"inLanguage\":\"en-US\",\"potentialAction\":[{\"@type\":\"ReadAction\",\"target\":[\"https:\/\/cygsa.es\/en\/politica\/\"]}]},{\"@type\":\"BreadcrumbList\",\"@id\":\"https:\/\/cygsa.es\/en\/politica\/#breadcrumb\",\"itemListElement\":[{\"@type\":\"ListItem\",\"position\":1,\"name\":\"Portada\",\"item\":\"https:\/\/cygsa.es\/en\/\"},{\"@type\":\"ListItem\",\"position\":2,\"name\":\"Pol\u00edtica\"}]},{\"@type\":\"WebSite\",\"@id\":\"https:\/\/cygsa.es\/en\/#website\",\"url\":\"https:\/\/cygsa.es\/en\/\",\"name\":\"Cygsa - Fabricantes de compuestos de pl\u00e1sticos\",\"description\":\"Trabajamos para conseguir la m\u00e1xima satisfacci\u00f3n de nuestros clientes a trav\u00e9s de un procedimiento de trabajo lo m\u00e1s sostenible posible\",\"potentialAction\":[{\"@type\":\"SearchAction\",\"target\":{\"@type\":\"EntryPoint\",\"urlTemplate\":\"https:\/\/cygsa.es\/en\/?s={search_term_string}\"},\"query-input\":{\"@type\":\"PropertyValueSpecification\",\"valueRequired\":true,\"valueName\":\"search_term_string\"}}],\"inLanguage\":\"en-US\"}]}<\/script>\n<!-- \/ Yoast SEO plugin. -->","yoast_head_json":{"title":"Pol\u00edtica - Cygsa - Fabricantes de compuestos de pl\u00e1sticos","robots":{"index":"index","follow":"follow","max-snippet":"max-snippet:-1","max-image-preview":"max-image-preview:large","max-video-preview":"max-video-preview:-1"},"canonical":"https:\/\/cygsa.es\/en\/politica\/","og_locale":"en_US","og_type":"article","og_title":"Pol\u00edtica - Cygsa - Fabricantes de compuestos de pl\u00e1sticos","og_description":"A Commitment\u00a0to Quality, Safety, Health and EnvironmentCYGSA\u00a0Integrated Policy\u00a0is based on 3 key points: Meeting our customers\u2019\u00a0quality\u00a0needs and expectations. Proactively protect the\u00a0health and safety\u00a0of our employees \/ collaborators. Working for the minimization of aspects and the protection of the\u00a0environment. We are aware that success can only be achieved through hard work, undertaken in conjunction with customers [&hellip;]","og_url":"https:\/\/cygsa.es\/en\/politica\/","og_site_name":"Cygsa - Fabricantes de compuestos de pl\u00e1sticos","article_modified_time":"2025-03-25T08:28:05+00:00","twitter_card":"summary_large_image","twitter_misc":{"Est. reading time":"4 minutes"},"schema":{"@context":"https:\/\/schema.org","@graph":[{"@type":"WebPage","@id":"https:\/\/cygsa.es\/en\/politica\/","url":"https:\/\/cygsa.es\/en\/politica\/","name":"Pol\u00edtica - Cygsa - Fabricantes de compuestos de pl\u00e1sticos","isPartOf":{"@id":"https:\/\/cygsa.es\/en\/#website"},"datePublished":"2021-01-20T12:23:33+00:00","dateModified":"2025-03-25T08:28:05+00:00","breadcrumb":{"@id":"https:\/\/cygsa.es\/en\/politica\/#breadcrumb"},"inLanguage":"en-US","potentialAction":[{"@type":"ReadAction","target":["https:\/\/cygsa.es\/en\/politica\/"]}]},{"@type":"BreadcrumbList","@id":"https:\/\/cygsa.es\/en\/politica\/#breadcrumb","itemListElement":[{"@type":"ListItem","position":1,"name":"Portada","item":"https:\/\/cygsa.es\/en\/"},{"@type":"ListItem","position":2,"name":"Pol\u00edtica"}]},{"@type":"WebSite","@id":"https:\/\/cygsa.es\/en\/#website","url":"https:\/\/cygsa.es\/en\/","name":"Cygsa - Fabricantes de compuestos de pl\u00e1sticos","description":"Trabajamos para conseguir la m\u00e1xima satisfacci\u00f3n de nuestros clientes a trav\u00e9s de un procedimiento de trabajo lo m\u00e1s sostenible posible","potentialAction":[{"@type":"SearchAction","target":{"@type":"EntryPoint","urlTemplate":"https:\/\/cygsa.es\/en\/?s={search_term_string}"},"query-input":{"@type":"PropertyValueSpecification","valueRequired":true,"valueName":"search_term_string"}}],"inLanguage":"en-US"}]}},"_links":{"self":[{"href":"https:\/\/cygsa.es\/en\/wp-json\/wp\/v2\/pages\/6886","targetHints":{"allow":["GET"]}}],"collection":[{"href":"https:\/\/cygsa.es\/en\/wp-json\/wp\/v2\/pages"}],"about":[{"href":"https:\/\/cygsa.es\/en\/wp-json\/wp\/v2\/types\/page"}],"author":[{"embeddable":true,"href":"https:\/\/cygsa.es\/en\/wp-json\/wp\/v2\/users\/1"}],"replies":[{"embeddable":true,"href":"https:\/\/cygsa.es\/en\/wp-json\/wp\/v2\/comments?post=6886"}],"version-history":[{"count":14,"href":"https:\/\/cygsa.es\/en\/wp-json\/wp\/v2\/pages\/6886\/revisions"}],"predecessor-version":[{"id":7522,"href":"https:\/\/cygsa.es\/en\/wp-json\/wp\/v2\/pages\/6886\/revisions\/7522"}],"wp:attachment":[{"href":"https:\/\/cygsa.es\/en\/wp-json\/wp\/v2\/media?parent=6886"}],"curies":[{"name":"wp","href":"https:\/\/api.w.org\/{rel}","templated":true}]}}