{"id":6972,"date":"2021-01-20T12:01:19","date_gmt":"2021-01-20T12:01:19","guid":{"rendered":"https:\/\/nueva.cygsa.es\/pvc\/"},"modified":"2021-02-03T11:53:14","modified_gmt":"2021-02-03T11:53:14","slug":"pvc","status":"publish","type":"page","link":"https:\/\/cygsa.es\/fr\/pvc\/","title":{"rendered":"PVC"},"content":{"rendered":"<p>[et_pb_section fb_built=\u00a0\u00bb1&Prime; _builder_version=\u00a0\u00bb4.8.0&Prime; _module_preset=\u00a0\u00bbdefault\u00a0\u00bb][et_pb_row _builder_version=\u00a0\u00bb4.8.0&Prime; _module_preset=\u00a0\u00bbdefault\u00a0\u00bb][et_pb_column type=\u00a0\u00bb4_4&Prime; _builder_version=\u00a0\u00bb4.8.0&Prime; _module_preset=\u00a0\u00bbdefault\u00a0\u00bb][et_pb_text _builder_version=\u00a0\u00bb4.8.0&Prime; _module_preset=\u00a0\u00bbdefault\u00a0\u00bb]<\/p>\n<h1>Compos\u00e9s PVC<\/h1>\n<p>&nbsp;<\/p>\n<p>Nous offrons une gamme vari\u00e9e de compos\u00e9s en PVC pour les applications d\u2019isolement et les gaines de c\u00e2bles.[\/et_pb_text][\/et_pb_column][\/et_pb_row][et_pb_row _builder_version=\u00a0\u00bb4.8.0&Prime; _module_preset=\u00a0\u00bbdefault\u00a0\u00bb][et_pb_column type=\u00a0\u00bb4_4&Prime; _builder_version=\u00a0\u00bb4.8.0&Prime; _module_preset=\u00a0\u00bbdefault\u00a0\u00bb][et_pb_slider arrows_custom_color=\u00a0\u00bb#000000&Prime; dot_nav_custom_color=\u00a0\u00bb#000000&Prime; _builder_version=\u00a0\u00bb4.8.0&Prime; _module_preset=\u00a0\u00bbdefault\u00a0\u00bb hover_enabled=\u00a0\u00bb0&Prime; height=\u00a0\u00bb600px\u00a0\u00bb sticky_enabled=\u00a0\u00bb0&Prime;][et_pb_slide _builder_version=\u00a0\u00bb4.8.0&Prime; _module_preset=\u00a0\u00bbdefault\u00a0\u00bb background_color=\u00a0\u00bb#FFFFFF\u00a0\u00bb background_enable_color=\u00a0\u00bbon\u00a0\u00bb background_image=\u00a0\u00bbhttps:\/\/nueva.cygsa.es\/wp-content\/uploads\/2015\/02\/polio_victoria2.jpg\u00a0\u00bb background_enable_image=\u00a0\u00bbon\u00a0\u00bb background_size=\u00a0\u00bbcontain\u00a0\u00bb sticky_transition=\u00a0\u00bbon\u00a0\u00bb][\/et_pb_slide][et_pb_slide _builder_version=\u00a0\u00bb4.8.0&Prime; _module_preset=\u00a0\u00bbdefault\u00a0\u00bb background_color=\u00a0\u00bb#FFFFFF\u00a0\u00bb background_enable_color=\u00a0\u00bbon\u00a0\u00bb background_image=\u00a0\u00bbhttps:\/\/nueva.cygsa.es\/wp-content\/uploads\/2014\/12\/Victo_01.jpg\u00a0\u00bb background_enable_image=\u00a0\u00bbon\u00a0\u00bb background_size=\u00a0\u00bbinitial\u00a0\u00bb sticky_transition=\u00a0\u00bbon\u00a0\u00bb][\/et_pb_slide][et_pb_slide _builder_version=\u00a0\u00bb4.8.0&Prime; _module_preset=\u00a0\u00bbdefault\u00a0\u00bb background_color=\u00a0\u00bb#FFFFFF\u00a0\u00bb background_enable_color=\u00a0\u00bbon\u00a0\u00bb background_image=\u00a0\u00bbhttps:\/\/nueva.cygsa.es\/wp-content\/uploads\/2015\/02\/polio_salvaplatos.jpg\u00a0\u00bb background_enable_image=\u00a0\u00bbon\u00a0\u00bb background_size=\u00a0\u00bbcontain\u00a0\u00bb sticky_transition=\u00a0\u00bbon\u00a0\u00bb][\/et_pb_slide][et_pb_slide _builder_version=\u00a0\u00bb4.8.0&Prime; _module_preset=\u00a0\u00bbdefault\u00a0\u00bb background_color=\u00a0\u00bb#FFFFFF\u00a0\u00bb background_enable_color=\u00a0\u00bbon\u00a0\u00bb background_image=\u00a0\u00bbhttps:\/\/nueva.cygsa.es\/wp-content\/uploads\/2015\/02\/polio_manguera.jpg\u00a0\u00bb background_enable_image=\u00a0\u00bbon\u00a0\u00bb background_size=\u00a0\u00bbcontain\u00a0\u00bb sticky_transition=\u00a0\u00bbon\u00a0\u00bb][\/et_pb_slide][et_pb_slide _builder_version=\u00a0\u00bb4.8.0&Prime; _module_preset=\u00a0\u00bbdefault\u00a0\u00bb background_color=\u00a0\u00bb#FFFFFF\u00a0\u00bb background_enable_color=\u00a0\u00bbon\u00a0\u00bb background_image=\u00a0\u00bbhttps:\/\/nueva.cygsa.es\/wp-content\/uploads\/2014\/12\/0_film.jpg\u00a0\u00bb background_enable_image=\u00a0\u00bbon\u00a0\u00bb background_size=\u00a0\u00bbinitial\u00a0\u00bb sticky_transition=\u00a0\u00bbon\u00a0\u00bb][\/et_pb_slide][\/et_pb_slider][\/et_pb_column][\/et_pb_row][\/et_pb_section][et_pb_section fb_built=\u00a0\u00bb1&Prime; _builder_version=\u00a0\u00bb4.8.0&Prime; _module_preset=\u00a0\u00bbdefault\u00a0\u00bb][et_pb_row _builder_version=\u00a0\u00bb4.8.0&Prime; _module_preset=\u00a0\u00bbdefault\u00a0\u00bb][et_pb_column type=\u00a0\u00bb4_4&Prime; _builder_version=\u00a0\u00bb4.8.0&Prime; _module_preset=\u00a0\u00bbdefault\u00a0\u00bb][et_pb_text _builder_version=\u00a0\u00bb4.8.0&Prime; _module_preset=\u00a0\u00bbdefault\u00a0\u00bb]<\/p>\n<h3>u-PVC\u00a0 APPLICATIONS RIGIDES<\/h3>\n<div class=\"title-sep-container\"><\/div>\n<h2><span style=\"font-size: 14px; color: #666666;\"><\/span><\/h2>\n<table width=\"502\" height=\"22\">\n<tbody>\n<tr>\n<td style=\"width: 160px;\"><strong>EXTRUSION<\/strong><\/td>\n<td style=\"width: 160px;\"><strong>INJECTION<\/strong><\/td>\n<td style=\"width: 160px;\"><strong>SOUFFLAGE<br \/> <\/strong><\/td>\n<\/tr>\n<tr>\n<td style=\"width: 160px;\"><strong>Tuber\u00edas<\/strong><br \/><span>\u00b7 Pression<\/span><br \/><span>\u00b7 \u00c9vacuation<\/span><br \/><span>\u00b7 Spirale<\/span><br \/><span>\u00b7 Tuyau ondul\u00e9<\/span><br \/><strong><br \/><\/strong><strong>Caissons de persienne<br \/><\/strong><strong>Moustiquaires<\/strong><br \/><strong>Profil\u00e9s de fen\u00eatre<br \/>Tube d\u2019\u00e9vacuation fum\u00e9es<br \/><\/strong><\/td>\n<td style=\"width: 160px;\"><strong>Raccords<\/strong><br \/><span>\u00b7 Pression<\/span><br \/><span>\u00b7 \u00c9vacuation<\/span><strong><br \/><\/strong><strong><br \/><\/strong><strong>Pi\u00e8ces \u00e9lectriques<\/strong><br \/><strong>\u00c9l\u00e9ments \u00e9lectriques<\/strong><\/td>\n<td style=\"width: 160px;\">\n<p><strong>Emballages<\/strong><br \/><span>\u00b7 Huiles \/ Aliments<\/span><br \/><span>\u00b7 D\u00e9tergents<\/span><br \/><span>\u00b7 Cosm\u00e9tiques<\/span><\/p>\n<p><strong>Film<\/strong><\/p>\n<\/td>\n<\/tr>\n<\/tbody>\n<\/table>\n<p>[\/et_pb_text][\/et_pb_column][\/et_pb_row][et_pb_row _builder_version=\u00a0\u00bb4.8.0&Prime; _module_preset=\u00a0\u00bbdefault\u00a0\u00bb][et_pb_column type=\u00a0\u00bb4_4&Prime; _builder_version=\u00a0\u00bb4.8.0&Prime; _module_preset=\u00a0\u00bbdefault\u00a0\u00bb][et_pb_text _builder_version=\u00a0\u00bb4.8.0&Prime; _module_preset=\u00a0\u00bbdefault\u00a0\u00bb custom_padding=\u00a0\u00bb0px|||||\u00a0\u00bb]<\/p>\n<h3>p-PVC APPLICATIONS PLASTIFI\u00c9ES<\/h3>\n<p>&nbsp;<\/p>\n<p>&nbsp;<\/p>\n<table width=\"502\" height=\"22\">\n<tbody>\n<tr>\n<td style=\"width: 160px;\"><strong>EXTRUSION<\/strong><\/td>\n<td style=\"width: 160px;\"><strong>INJECTION<\/strong><\/td>\n<\/tr>\n<tr>\n<td style=\"width: 160px;\"><strong>Rev\u00eatements de c\u00e2bles \u00e9lectriques, t\u00e9l\u00e9communications et automobile<br \/>Rev\u00eatement de fil de fer et cordons textiles<br \/>Tuyaux de jardin et transport de liquides<br \/>Film r\u00e9tractable et extensible<br \/>Extrusion, bourrelets frigorifiques, rideaux, etc.<\/strong><\/td>\n<td style=\"width: 160px;\"><strong>Chaussures compactes et expans\u00e9es<br \/>Pi\u00e8ces industrielles<br \/>Jouets, ustensiles pour la maison<br \/>Accessoires automobiles<\/strong><\/td>\n<\/tr>\n<\/tbody>\n<\/table>\n<p>[\/et_pb_text][\/et_pb_column][\/et_pb_row][\/et_pb_section]<\/p>\n","protected":false},"excerpt":{"rendered":"<p>Compos\u00e9s PVC &nbsp; Nous offrons une gamme vari\u00e9e de compos\u00e9s en PVC pour les applications d\u2019isolement et les gaines de c\u00e2bles.u-PVC\u00a0 APPLICATIONS RIGIDES EXTRUSION INJECTION SOUFFLAGE Tuber\u00edas\u00b7 Pression\u00b7 \u00c9vacuation\u00b7 Spirale\u00b7 Tuyau ondul\u00e9Caissons de persienneMoustiquairesProfil\u00e9s de fen\u00eatreTube d\u2019\u00e9vacuation fum\u00e9es Raccords\u00b7 Pression\u00b7 \u00c9vacuationPi\u00e8ces \u00e9lectriques\u00c9l\u00e9ments \u00e9lectriques Emballages\u00b7 Huiles \/ Aliments\u00b7 D\u00e9tergents\u00b7 Cosm\u00e9tiques Film p-PVC APPLICATIONS PLASTIFI\u00c9ES &nbsp; &nbsp; [&hellip;]<\/p>\n","protected":false},"author":1,"featured_media":0,"parent":0,"menu_order":0,"comment_status":"closed","ping_status":"closed","template":"","meta":{"_et_pb_use_builder":"on","_et_pb_old_content":"","_et_gb_content_width":"","footnotes":""},"class_list":["post-6972","page","type-page","status-publish","hentry"],"yoast_head":"<!-- This site is optimized with the Yoast SEO plugin v27.1.1 - https:\/\/yoast.com\/product\/yoast-seo-wordpress\/ -->\n<title>PVC - Cygsa - Fabricantes de compuestos de pl\u00e1sticos<\/title>\n<meta name=\"robots\" content=\"index, follow, max-snippet:-1, max-image-preview:large, max-video-preview:-1\" \/>\n<link rel=\"canonical\" href=\"https:\/\/cygsa.es\/fr\/pvc\/\" \/>\n<meta property=\"og:locale\" content=\"fr_FR\" \/>\n<meta property=\"og:type\" content=\"article\" \/>\n<meta property=\"og:title\" content=\"PVC - Cygsa - Fabricantes de compuestos de pl\u00e1sticos\" \/>\n<meta property=\"og:description\" content=\"Compos\u00e9s PVC &nbsp; Nous offrons une gamme vari\u00e9e de compos\u00e9s en PVC pour les applications d\u2019isolement et les gaines de c\u00e2bles.u-PVC\u00a0 APPLICATIONS RIGIDES EXTRUSION INJECTION SOUFFLAGE Tuber\u00edas\u00b7 Pression\u00b7 \u00c9vacuation\u00b7 Spirale\u00b7 Tuyau ondul\u00e9Caissons de persienneMoustiquairesProfil\u00e9s de fen\u00eatreTube d\u2019\u00e9vacuation fum\u00e9es Raccords\u00b7 Pression\u00b7 \u00c9vacuationPi\u00e8ces \u00e9lectriques\u00c9l\u00e9ments \u00e9lectriques Emballages\u00b7 Huiles \/ Aliments\u00b7 D\u00e9tergents\u00b7 Cosm\u00e9tiques Film p-PVC APPLICATIONS PLASTIFI\u00c9ES &nbsp; &nbsp; [&hellip;]\" \/>\n<meta property=\"og:url\" content=\"https:\/\/cygsa.es\/fr\/pvc\/\" \/>\n<meta property=\"og:site_name\" content=\"Cygsa - Fabricantes de compuestos de pl\u00e1sticos\" \/>\n<meta property=\"article:modified_time\" content=\"2021-02-03T11:53:14+00:00\" \/>\n<meta name=\"twitter:card\" content=\"summary_large_image\" \/>\n<meta name=\"twitter:label1\" content=\"Dur\u00e9e de lecture estim\u00e9e\" \/>\n\t<meta name=\"twitter:data1\" content=\"2 minutes\" \/>\n<script type=\"application\/ld+json\" class=\"yoast-schema-graph\">{\"@context\":\"https:\/\/schema.org\",\"@graph\":[{\"@type\":\"WebPage\",\"@id\":\"https:\/\/cygsa.es\/fr\/pvc\/\",\"url\":\"https:\/\/cygsa.es\/fr\/pvc\/\",\"name\":\"PVC - Cygsa - Fabricantes de compuestos de pl\u00e1sticos\",\"isPartOf\":{\"@id\":\"https:\/\/cygsa.es\/fr\/#website\"},\"datePublished\":\"2021-01-20T12:01:19+00:00\",\"dateModified\":\"2021-02-03T11:53:14+00:00\",\"breadcrumb\":{\"@id\":\"https:\/\/cygsa.es\/fr\/pvc\/#breadcrumb\"},\"inLanguage\":\"fr-FR\",\"potentialAction\":[{\"@type\":\"ReadAction\",\"target\":[\"https:\/\/cygsa.es\/fr\/pvc\/\"]}]},{\"@type\":\"BreadcrumbList\",\"@id\":\"https:\/\/cygsa.es\/fr\/pvc\/#breadcrumb\",\"itemListElement\":[{\"@type\":\"ListItem\",\"position\":1,\"name\":\"Portada\",\"item\":\"https:\/\/cygsa.es\/fr\/\"},{\"@type\":\"ListItem\",\"position\":2,\"name\":\"PVC\"}]},{\"@type\":\"WebSite\",\"@id\":\"https:\/\/cygsa.es\/fr\/#website\",\"url\":\"https:\/\/cygsa.es\/fr\/\",\"name\":\"Cygsa - Fabricantes de compuestos de pl\u00e1sticos\",\"description\":\"Trabajamos para conseguir la m\u00e1xima satisfacci\u00f3n de nuestros clientes a trav\u00e9s de un procedimiento de trabajo lo m\u00e1s sostenible posible\",\"potentialAction\":[{\"@type\":\"SearchAction\",\"target\":{\"@type\":\"EntryPoint\",\"urlTemplate\":\"https:\/\/cygsa.es\/fr\/?s={search_term_string}\"},\"query-input\":{\"@type\":\"PropertyValueSpecification\",\"valueRequired\":true,\"valueName\":\"search_term_string\"}}],\"inLanguage\":\"fr-FR\"}]}<\/script>\n<!-- \/ Yoast SEO plugin. -->","yoast_head_json":{"title":"PVC - Cygsa - Fabricantes de compuestos de pl\u00e1sticos","robots":{"index":"index","follow":"follow","max-snippet":"max-snippet:-1","max-image-preview":"max-image-preview:large","max-video-preview":"max-video-preview:-1"},"canonical":"https:\/\/cygsa.es\/fr\/pvc\/","og_locale":"fr_FR","og_type":"article","og_title":"PVC - Cygsa - Fabricantes de compuestos de pl\u00e1sticos","og_description":"Compos\u00e9s PVC &nbsp; Nous offrons une gamme vari\u00e9e de compos\u00e9s en PVC pour les applications d\u2019isolement et les gaines de c\u00e2bles.u-PVC\u00a0 APPLICATIONS RIGIDES EXTRUSION INJECTION SOUFFLAGE Tuber\u00edas\u00b7 Pression\u00b7 \u00c9vacuation\u00b7 Spirale\u00b7 Tuyau ondul\u00e9Caissons de persienneMoustiquairesProfil\u00e9s de fen\u00eatreTube d\u2019\u00e9vacuation fum\u00e9es Raccords\u00b7 Pression\u00b7 \u00c9vacuationPi\u00e8ces \u00e9lectriques\u00c9l\u00e9ments \u00e9lectriques Emballages\u00b7 Huiles \/ Aliments\u00b7 D\u00e9tergents\u00b7 Cosm\u00e9tiques Film p-PVC APPLICATIONS PLASTIFI\u00c9ES &nbsp; &nbsp; [&hellip;]","og_url":"https:\/\/cygsa.es\/fr\/pvc\/","og_site_name":"Cygsa - Fabricantes de compuestos de pl\u00e1sticos","article_modified_time":"2021-02-03T11:53:14+00:00","twitter_card":"summary_large_image","twitter_misc":{"Dur\u00e9e de lecture estim\u00e9e":"2 minutes"},"schema":{"@context":"https:\/\/schema.org","@graph":[{"@type":"WebPage","@id":"https:\/\/cygsa.es\/fr\/pvc\/","url":"https:\/\/cygsa.es\/fr\/pvc\/","name":"PVC - Cygsa - Fabricantes de compuestos de pl\u00e1sticos","isPartOf":{"@id":"https:\/\/cygsa.es\/fr\/#website"},"datePublished":"2021-01-20T12:01:19+00:00","dateModified":"2021-02-03T11:53:14+00:00","breadcrumb":{"@id":"https:\/\/cygsa.es\/fr\/pvc\/#breadcrumb"},"inLanguage":"fr-FR","potentialAction":[{"@type":"ReadAction","target":["https:\/\/cygsa.es\/fr\/pvc\/"]}]},{"@type":"BreadcrumbList","@id":"https:\/\/cygsa.es\/fr\/pvc\/#breadcrumb","itemListElement":[{"@type":"ListItem","position":1,"name":"Portada","item":"https:\/\/cygsa.es\/fr\/"},{"@type":"ListItem","position":2,"name":"PVC"}]},{"@type":"WebSite","@id":"https:\/\/cygsa.es\/fr\/#website","url":"https:\/\/cygsa.es\/fr\/","name":"Cygsa - Fabricantes de compuestos de pl\u00e1sticos","description":"Trabajamos para conseguir la m\u00e1xima satisfacci\u00f3n de nuestros clientes a trav\u00e9s de un procedimiento de trabajo lo m\u00e1s sostenible posible","potentialAction":[{"@type":"SearchAction","target":{"@type":"EntryPoint","urlTemplate":"https:\/\/cygsa.es\/fr\/?s={search_term_string}"},"query-input":{"@type":"PropertyValueSpecification","valueRequired":true,"valueName":"search_term_string"}}],"inLanguage":"fr-FR"}]}},"_links":{"self":[{"href":"https:\/\/cygsa.es\/fr\/wp-json\/wp\/v2\/pages\/6972","targetHints":{"allow":["GET"]}}],"collection":[{"href":"https:\/\/cygsa.es\/fr\/wp-json\/wp\/v2\/pages"}],"about":[{"href":"https:\/\/cygsa.es\/fr\/wp-json\/wp\/v2\/types\/page"}],"author":[{"embeddable":true,"href":"https:\/\/cygsa.es\/fr\/wp-json\/wp\/v2\/users\/1"}],"replies":[{"embeddable":true,"href":"https:\/\/cygsa.es\/fr\/wp-json\/wp\/v2\/comments?post=6972"}],"version-history":[{"count":5,"href":"https:\/\/cygsa.es\/fr\/wp-json\/wp\/v2\/pages\/6972\/revisions"}],"predecessor-version":[{"id":7003,"href":"https:\/\/cygsa.es\/fr\/wp-json\/wp\/v2\/pages\/6972\/revisions\/7003"}],"wp:attachment":[{"href":"https:\/\/cygsa.es\/fr\/wp-json\/wp\/v2\/media?parent=6972"}],"curies":[{"name":"wp","href":"https:\/\/api.w.org\/{rel}","templated":true}]}}