{"id":7004,"date":"2021-01-20T12:01:01","date_gmt":"2021-01-20T12:01:01","guid":{"rendered":"https:\/\/nueva.cygsa.es\/proyectos\/"},"modified":"2025-12-02T11:27:00","modified_gmt":"2025-12-02T11:27:00","slug":"proyectos","status":"publish","type":"page","link":"https:\/\/cygsa.es\/fr\/proyectos\/","title":{"rendered":"Proyets"},"content":{"rendered":"<p>[et_pb_section fb_built=\u00a0\u00bb1&Prime; _builder_version=\u00a0\u00bb4.16&Prime; _module_preset=\u00a0\u00bbdefault\u00a0\u00bb global_colors_info=\u00a0\u00bb{}\u00a0\u00bb][et_pb_row _builder_version=\u00a0\u00bb4.16&Prime; _module_preset=\u00a0\u00bbdefault\u00a0\u00bb global_colors_info=\u00a0\u00bb{}\u00a0\u00bb][et_pb_column type=\u00a0\u00bb4_4&Prime; _builder_version=\u00a0\u00bb4.16&Prime; _module_preset=\u00a0\u00bbdefault\u00a0\u00bb global_colors_info=\u00a0\u00bb{}\u00a0\u00bb][et_pb_cta _builder_version=\u00a0\u00bb4.16&Prime; _module_preset=\u00a0\u00bbdefault\u00a0\u00bb header_level=\u00a0\u00bbh1&Prime; header_text_color=\u00a0\u00bb#000000&Prime; body_text_color=\u00a0\u00bb#000000&Prime; background_color=\u00a0\u00bbrgba(229,229,229,0.56)\u00a0\u00bb global_colors_info=\u00a0\u00bb{}\u00a0\u00bb]<\/p>\n<h1><span style=\"color: #99cc00;\"><strong>Notre pari: <\/strong><\/span>\u00a0<span style=\"color: #000;\">l\u2019innovation<\/span><\/h1>\n<p>La vision de CYGSA est de mettre en marche des mesures sp\u00e9cifiques de soutien au transfert de technologie et \u00e0 la comp\u00e9titivit\u00e9 industrielle en incitant  \u00e0 l\u2019innovation<\/p>\n<p>[\/et_pb_cta][\/et_pb_column][\/et_pb_row][\/et_pb_section][et_pb_section fb_built=\u00a0\u00bb1&Prime; _builder_version=\u00a0\u00bb4.16&Prime; _module_preset=\u00a0\u00bbdefault\u00a0\u00bb global_colors_info=\u00a0\u00bb{}\u00a0\u00bb][et_pb_row column_structure=\u00a0\u00bb1_2,1_2&Prime; _builder_version=\u00a0\u00bb4.16&Prime; _module_preset=\u00a0\u00bbdefault\u00a0\u00bb global_colors_info=\u00a0\u00bb{}\u00a0\u00bb][et_pb_column type=\u00a0\u00bb1_2&Prime; _builder_version=\u00a0\u00bb4.16&Prime; _module_preset=\u00a0\u00bbdefault\u00a0\u00bb global_colors_info=\u00a0\u00bb{}\u00a0\u00bb][et_pb_tabs _builder_version=\u00a0\u00bb4.16&Prime; _module_preset=\u00a0\u00bbdefault\u00a0\u00bb tab_font_size=\u00a0\u00bb16px\u00a0\u00bb tab_line_height=\u00a0\u00bb3em\u00a0\u00bb global_colors_info=\u00a0\u00bb{}\u00a0\u00bb][et_pb_tab title=\u00a0\u00bbDept. T\u00e9cnico\u00a0\u00bb _builder_version=\u00a0\u00bb4.16&Prime; _module_preset=\u00a0\u00bbdefault\u00a0\u00bb global_colors_info=\u00a0\u00bb{}\u00a0\u00bb]<\/p>\n<h2>D\u00c9PARTEMENT TECHNIQUE<\/h2>\n<p>Nous disposons d\u2019une technologie d\u2019avant-garde vari\u00e9e pour contr\u00f4ler la qualit\u00e9 et le d\u00e9veloppement de nouveaux projets et de nouvelles formules (essais de rh\u00e9ologie et de comportement face \u00e0 l\u2019extrusion, spectro-colorim\u00e9trie, \u00e9quipement pour mesurer le taux en oxyg\u00e8ne LOI, d\u00e9termination du taux de fluidit\u00e9, etc.)<\/p>\n<p>Nous comptons en outre sur le soutien direct des entreprises de notre groupe (Shin-Etsu, Cires et Previnil), et sur la collaboration de diff\u00e9rents centres technologiques.<\/p>\n<p>[\/et_pb_tab][et_pb_tab title=\u00a0\u00bbCertifications\u00a0\u00bb _builder_version=\u00a0\u00bb4.16&Prime; _module_preset=\u00a0\u00bbdefault\u00a0\u00bb global_colors_info=\u00a0\u00bb{}\u00a0\u00bb]<\/p>\n<h2>CERTIFICATIONS DE PRODUITS<\/h2>\n<ul id=\"checklist-1\" class=\"list-icon circle-no list-icon-star\">\n<li>Mati\u00e8re souple utilis\u00e9es dans la fabrication des profil\u00e9s d\u2019\u00e9tanch\u00e9it\u00e9 pour menuiserie ext\u00e9rieure &#8211; R\u00e9f\u00e9rentiel de certification QB36-CSTB selon certificat CSTB disponible No.: 619-095-095<\/li>\n<li>Essai de r\u00e9action au feu des mat\u00e9riaux de construction (NF P 95-501) Classification M1<\/li>\n<li>Essai de non propagation des incendies (CEIS)<\/li>\n<li>Norme NF pour profil\u00e9s en PVC rigides avec application ext\u00e9rieure (LNE)<\/li>\n<li>Certificat WRAS \u2013 Apte au contact avec l\u2019eau potable (BS 6920-1:2000)<\/li>\n<\/ul>\n<p>[\/et_pb_tab][\/et_pb_tabs][\/et_pb_column][et_pb_column type=\u00a0\u00bb1_2&Prime; _builder_version=\u00a0\u00bb4.16&Prime; _module_preset=\u00a0\u00bbdefault\u00a0\u00bb global_colors_info=\u00a0\u00bb{}\u00a0\u00bb][et_pb_image src=\u00a0\u00bbhttps:\/\/nueva.cygsa.es\/wp-content\/uploads\/2014\/12\/soste2.png\u00a0\u00bb title_text=\u00a0\u00bbsoste2&Prime; _builder_version=\u00a0\u00bb4.16&Prime; _module_preset=\u00a0\u00bbdefault\u00a0\u00bb global_colors_info=\u00a0\u00bb{}\u00a0\u00bb][\/et_pb_image][\/et_pb_column][\/et_pb_row][\/et_pb_section][et_pb_section fb_built=\u00a0\u00bb1&Prime; _builder_version=\u00a0\u00bb4.16&Prime; _module_preset=\u00a0\u00bbdefault\u00a0\u00bb custom_padding=\u00a0\u00bb||0px|||\u00a0\u00bb global_colors_info=\u00a0\u00bb{}\u00a0\u00bb][et_pb_row _builder_version=\u00a0\u00bb4.16&Prime; _module_preset=\u00a0\u00bbdefault\u00a0\u00bb global_colors_info=\u00a0\u00bb{}\u00a0\u00bb][et_pb_column type=\u00a0\u00bb4_4&Prime; _builder_version=\u00a0\u00bb4.16&Prime; _module_preset=\u00a0\u00bbdefault\u00a0\u00bb global_colors_info=\u00a0\u00bb{}\u00a0\u00bb][et_pb_image src=\u00a0\u00bbhttps:\/\/nueva.cygsa.es\/wp-content\/uploads\/2021\/01\/logos_centros.jpg\u00a0\u00bb title_text=\u00a0\u00bblogos_centros\u00a0\u00bb _builder_version=\u00a0\u00bb4.16&Prime; _module_preset=\u00a0\u00bbdefault\u00a0\u00bb global_colors_info=\u00a0\u00bb{}\u00a0\u00bb][\/et_pb_image][\/et_pb_column][\/et_pb_row][\/et_pb_section][et_pb_section fb_built=\u00a0\u00bb1&Prime; _builder_version=\u00a0\u00bb4.16&Prime; _module_preset=\u00a0\u00bbdefault\u00a0\u00bb custom_padding=\u00a0\u00bb3px||6px|||\u00a0\u00bb locked=\u00a0\u00bboff\u00a0\u00bb global_colors_info=\u00a0\u00bb{}\u00a0\u00bb][et_pb_row _builder_version=\u00a0\u00bb4.16&Prime; _module_preset=\u00a0\u00bbdefault\u00a0\u00bb custom_padding=\u00a0\u00bb|||1px||\u00a0\u00bb global_colors_info=\u00a0\u00bb{}\u00a0\u00bb][et_pb_column type=\u00a0\u00bb4_4&Prime; _builder_version=\u00a0\u00bb4.16&Prime; _module_preset=\u00a0\u00bbdefault\u00a0\u00bb global_colors_info=\u00a0\u00bb{}\u00a0\u00bb][et_pb_text _builder_version=\u00a0\u00bb4.16&Prime; _module_preset=\u00a0\u00bbdefault\u00a0\u00bb global_colors_info=\u00a0\u00bb{}\u00a0\u00bb]<\/p>\n<p style=\"text-align: left;\"><img loading=\"lazy\" decoding=\"async\" class=\"wp-image-5626 alignnone size-full\" style=\"float: right;\" src=\"https:\/\/nueva.cygsa.es\/wp-content\/uploads\/2014\/12\/logofeder.jpg\" alt=\"\" width=\"230\" height=\"110\" \/><span style=\"font-size: 14px;\">*Cette entreprise a re\u00e7u une aide cofinanc\u00e9e \u00e0 50 % du Gouvernement de Navarre et du Fonds Europ\u00e9en de D\u00e9veloppement R\u00e9gional \u00e0 travers le Programme Op\u00e9rationnel FEDER 2014-2020 de Navarre.<\/span><span style=\"font-size: 14px;\">L&rsquo;entreprise est actuellement en place depuis, tr\u00e8s bana (%50) finan\u00e7ant dutena Nafarroako Gobernuak et Eskualde Garapeneko Europako Funtsak, Nafarroako EGEF 2014-2020 Eragilearen bidez Program.<\/span><\/p>\n<p>*Cette entreprise a re\u00e7u une subvention du Gouvernement de Navarre dans le cadre de l&rsquo;appel d&rsquo;investissements 2016 pour l&rsquo;adaptation des \u00e9quipements et des lieux de travail.<\/p>\n<p>*Cette entreprise r\u00e9alise le projet \u00ab\u00a0Remplacement des compresseurs de l&rsquo;installation d&rsquo;air comprim\u00e9 actuelle par un compresseur \u00e0 vitesse variable\u00a0\u00bb, soutenu par le programme d&rsquo;aide \u00e0 l&rsquo;efficacit\u00e9 \u00e9nerg\u00e9tique des PME et des grandes entreprises du secteur industriel, cofinanc\u00e9 par le Fonds europ\u00e9en de d\u00e9veloppement r\u00e9gional (FEDER) et g\u00e9r\u00e9 par l&rsquo;IDAE (Institut pour la diversification et l&rsquo;\u00e9conomie d&rsquo;\u00e9nergie) gr\u00e2ce \u00e0 des fonds du Fonds national pour l&rsquo;efficacit\u00e9 \u00e9nerg\u00e9tique, dans le but de parvenir \u00e0 une \u00e9conomie plus propre et plus durable.<\/p>\n<p><img loading=\"lazy\" decoding=\"async\" class=\"wp-image-5694 alignnone size-medium\" style=\"font-size: 14px; background-color: #ffffff; float: right;\" src=\"https:\/\/nueva.cygsa.es\/wp-content\/uploads\/2017\/04\/logo-MICIN-300x65.jpg\" alt=\"\" width=\"300\" height=\"65\" \/>L&rsquo;investissement pr\u00e9vu s&rsquo;\u00e9l\u00e8ve \u00e0 185\u00a0169\u00a0\u20ac, avec une aide pr\u00e9vue de 9\u00a0370\u00a0\u20ac. Les \u00e9conomies d&rsquo;\u00e9nergie estim\u00e9es sont de 152\u00a0600\u00a0kWh par an (soit 20\u00a0% par rapport \u00e0 la situation pr\u00e9c\u00e9dente).<\/p>\n<p>L&rsquo;entreprise participe \u00e9galement \u00e0 un projet de recherche dans le cadre de l&rsquo;appel \u00e0 propositions RETOS-COLABORACI\u00d3N (D\u00e9fis-Collaboration) 2016. Le budget de ce projet est financ\u00e9 par le minist\u00e8re de l&rsquo;\u00c9conomie et de la Comp\u00e9titivit\u00e9.<br \/><img loading=\"lazy\" decoding=\"async\" style=\"font-size: 14px; background-color: #ffffff; float: right;\" src=\"https:\/\/cygsa.es\/wp-content\/uploads\/2023\/09\/lognav.png\" width=\"297\" height=\"135\" \/><\/p>\n<p>&nbsp;<\/p>\n<p>*Cette entreprise a b\u00e9n\u00e9fici\u00e9 d&rsquo;un cofinancement \u00e0 100 % du programme REACT-EU de l&rsquo;UE, dans le cadre du Programme op\u00e9rationnel FSE 2014-2020 de Navarre, et en r\u00e9ponse \u00e0 la pand\u00e9mie de COVID-19.<\/p>\n<p>&nbsp;<\/p>\n<p>Le projet \u00ab Valorisation des polym\u00e8res recycl\u00e9s et des fibres naturelles dans la production de composites de type WPC pour toitures ondul\u00e9es (SuRFA) \u00bb a \u00e9t\u00e9 approuv\u00e9 par le CDTI dans le cadre du Programme de coop\u00e9ration technologique bilat\u00e9rale Espagne-Malaisie (dossier n\u00b0 IDI-20230045).<br \/><img loading=\"lazy\" decoding=\"async\" class=\"wp-image-7427 alignnone size-medium\" style=\"font-size: 14px; background-color: #ffffff; float: right;\" src=\"https:\/\/cygsa.es\/wp-content\/uploads\/2023\/12\/cdti-300x60.png\" alt=\"\" width=\"300\" height=\"60\" \/><\/p>\n<p>Son principal objectif est le d\u00e9veloppement de nouveaux mat\u00e9riaux composites WPC par l&rsquo;association de polym\u00e8res recycl\u00e9s et de fibres naturelles issues de d\u00e9chets, favorisant ainsi la r\u00e9duction de la consommation de mati\u00e8res premi\u00e8res et la protection de l&rsquo;environnement gr\u00e2ce au recyclage des mat\u00e9riaux, \u00e0 la valorisation des d\u00e9chets et \u00e0 la promotion d&rsquo;une \u00e9conomie circulaire. Ce projet permettra de d\u00e9velopper des \u00e9l\u00e9ments de construction, notamment pour les toitures, afin de pallier les insuffisances des mat\u00e9riaux actuels.<\/p>\n<p>*Cette aide est \u00e9ligible \u00e0 un cofinancement par le Fonds europ\u00e9en de d\u00e9veloppement r\u00e9gional (FEDER 2021-2027).<\/p>\n<p><span style=\"font-size: 14px;\"><\/span><\/p>\n<p><span style=\"font-size: 14px;\"><\/span><\/p>\n<p><span style=\"font-size: 14px;\">Le projet d\u2019investissement \u00ab\u00a0Entrep\u00f4t LHC\u00a0\u00bb a \u00e9t\u00e9 cofinanc\u00e9 par une subvention du Gouvernement de Navarre \u00a0 \u00a0 \u00a0 \u00a0<\/span><em style=\"font-size: 14px; background-color: #ffffff;\"><img loading=\"lazy\" decoding=\"async\" class=\"alignright\" style=\"font-size: 14px; background-color: #ffffff;\" src=\"https:\/\/cygsa.es\/wp-content\/uploads\/2024\/03\/log.png\" width=\"270\" height=\"60\" \/><\/em><\/p>\n<p>dans le cadre de l\u2019appel \u00e0 propositions 2022 pour les aides \u00e0 l\u2019investissement dans les grandes entreprises industrielles.<\/p>\n<p>Le projet d\u2019investissement pour une ligne d\u2019extrusion Coperion, un syst\u00e8me d\u2019aspiration des poussi\u00e8res et un syst\u00e8me de contr\u00f4le de la salle de pesage<\/p>\n<p>a \u00e9t\u00e9 subventionn\u00e9 par le Gouvernement de Navarre dans le cadre de l\u2019appel \u00e0 propositions 2024 pour les aides \u00e0 l\u2019investissement dans les grandes entreprises industrielles.<\/p>\n<p><span style=\"font-size: 14px;\"><\/span><span style=\"font-size: 14px;\"><\/span>\u00a0<\/p>\n<p>*Cette entit\u00e9 a b\u00e9n\u00e9fici\u00e9 d\u2019une aide du Gouvernement de Navarre, cofinanc\u00e9e \u00e0 40\u00a0% par le Fonds europ\u00e9en de d\u00e9veloppement r\u00e9gional<br \/><img loading=\"lazy\" decoding=\"async\" src=\"https:\/\/cygsa.es\/wp-content\/uploads\/2025\/07\/e.jpg\" width=\"417\" height=\"65\" style=\"float: right;\" \/><\/p>\n<p>dans le cadre du Programme op\u00e9rationnel FEDER 2021-2027 de Navarre.<\/p>\n<p>[\/et_pb_text][\/et_pb_column][\/et_pb_row][\/et_pb_section][et_pb_section fb_built=\u00a0\u00bb1&Prime; _builder_version=\u00a0\u00bb4.16&Prime; _module_preset=\u00a0\u00bbdefault\u00a0\u00bb global_colors_info=\u00a0\u00bb{}\u00a0\u00bb][et_pb_row _builder_version=\u00a0\u00bb4.16&Prime; _module_preset=\u00a0\u00bbdefault\u00a0\u00bb global_colors_info=\u00a0\u00bb{}\u00a0\u00bb][et_pb_column type=\u00a0\u00bb4_4&Prime; _builder_version=\u00a0\u00bb4.16&Prime; _module_preset=\u00a0\u00bbdefault\u00a0\u00bb global_colors_info=\u00a0\u00bb{}\u00a0\u00bb][et_pb_text _builder_version=\u00a0\u00bb4.16&Prime; _module_preset=\u00a0\u00bbdefault\u00a0\u00bb global_colors_info=\u00a0\u00bb{}\u00a0\u00bb]<\/p>\n<h1>PROJETS I+D+i<\/h1>\n<p>[\/et_pb_text][et_pb_blog fullwidth=\u00a0\u00bboff\u00a0\u00bb include_categories=\u00a0\u00bball\u00a0\u00bb show_author=\u00a0\u00bboff\u00a0\u00bb _builder_version=\u00a0\u00bb4.16&Prime; _module_preset=\u00a0\u00bbdefault\u00a0\u00bb global_colors_info=\u00a0\u00bb{}\u00a0\u00bb][\/et_pb_blog][\/et_pb_column][\/et_pb_row][\/et_pb_section]<\/p>\n","protected":false},"excerpt":{"rendered":"<p>Notre pari: \u00a0l\u2019innovation La vision de CYGSA est de mettre en marche des mesures sp\u00e9cifiques de soutien au transfert de technologie et \u00e0 la comp\u00e9titivit\u00e9 industrielle en incitant \u00e0 l\u2019innovationD\u00c9PARTEMENT TECHNIQUE Nous disposons d\u2019une technologie d\u2019avant-garde vari\u00e9e pour contr\u00f4ler la qualit\u00e9 et le d\u00e9veloppement de nouveaux projets et de nouvelles formules (essais de rh\u00e9ologie et [&hellip;]<\/p>\n","protected":false},"author":1,"featured_media":0,"parent":0,"menu_order":0,"comment_status":"closed","ping_status":"closed","template":"","meta":{"_et_pb_use_builder":"on","_et_pb_old_content":"","_et_gb_content_width":"","footnotes":""},"class_list":["post-7004","page","type-page","status-publish","hentry"],"yoast_head":"<!-- This site is optimized with the Yoast SEO plugin v27.1.1 - https:\/\/yoast.com\/product\/yoast-seo-wordpress\/ -->\n<title>Proyets - Cygsa - Fabricantes de compuestos de pl\u00e1sticos<\/title>\n<meta name=\"robots\" content=\"index, follow, max-snippet:-1, max-image-preview:large, max-video-preview:-1\" \/>\n<link rel=\"canonical\" href=\"https:\/\/cygsa.es\/fr\/proyectos\/\" \/>\n<meta property=\"og:locale\" content=\"fr_FR\" \/>\n<meta property=\"og:type\" content=\"article\" \/>\n<meta property=\"og:title\" content=\"Proyets - Cygsa - Fabricantes de compuestos de pl\u00e1sticos\" \/>\n<meta property=\"og:description\" content=\"Notre pari: \u00a0l\u2019innovation La vision de CYGSA est de mettre en marche des mesures sp\u00e9cifiques de soutien au transfert de technologie et \u00e0 la comp\u00e9titivit\u00e9 industrielle en incitant \u00e0 l\u2019innovationD\u00c9PARTEMENT TECHNIQUE Nous disposons d\u2019une technologie d\u2019avant-garde vari\u00e9e pour contr\u00f4ler la qualit\u00e9 et le d\u00e9veloppement de nouveaux projets et de nouvelles formules (essais de rh\u00e9ologie et [&hellip;]\" \/>\n<meta property=\"og:url\" content=\"https:\/\/cygsa.es\/fr\/proyectos\/\" \/>\n<meta property=\"og:site_name\" content=\"Cygsa - Fabricantes de compuestos de pl\u00e1sticos\" \/>\n<meta property=\"article:modified_time\" content=\"2025-12-02T11:27:00+00:00\" \/>\n<meta property=\"og:image\" content=\"https:\/\/nueva.cygsa.es\/wp-content\/uploads\/2014\/12\/logofeder.jpg\" \/>\n<meta name=\"twitter:card\" content=\"summary_large_image\" \/>\n<meta name=\"twitter:label1\" content=\"Dur\u00e9e de lecture estim\u00e9e\" \/>\n\t<meta name=\"twitter:data1\" content=\"7 minutes\" \/>\n<script type=\"application\/ld+json\" class=\"yoast-schema-graph\">{\"@context\":\"https:\/\/schema.org\",\"@graph\":[{\"@type\":\"WebPage\",\"@id\":\"https:\/\/cygsa.es\/fr\/proyectos\/\",\"url\":\"https:\/\/cygsa.es\/fr\/proyectos\/\",\"name\":\"Proyets - Cygsa - Fabricantes de compuestos de pl\u00e1sticos\",\"isPartOf\":{\"@id\":\"https:\/\/cygsa.es\/fr\/#website\"},\"primaryImageOfPage\":{\"@id\":\"https:\/\/cygsa.es\/fr\/proyectos\/#primaryimage\"},\"image\":{\"@id\":\"https:\/\/cygsa.es\/fr\/proyectos\/#primaryimage\"},\"thumbnailUrl\":\"https:\/\/nueva.cygsa.es\/wp-content\/uploads\/2014\/12\/logofeder.jpg\",\"datePublished\":\"2021-01-20T12:01:01+00:00\",\"dateModified\":\"2025-12-02T11:27:00+00:00\",\"breadcrumb\":{\"@id\":\"https:\/\/cygsa.es\/fr\/proyectos\/#breadcrumb\"},\"inLanguage\":\"fr-FR\",\"potentialAction\":[{\"@type\":\"ReadAction\",\"target\":[\"https:\/\/cygsa.es\/fr\/proyectos\/\"]}]},{\"@type\":\"ImageObject\",\"inLanguage\":\"fr-FR\",\"@id\":\"https:\/\/cygsa.es\/fr\/proyectos\/#primaryimage\",\"url\":\"https:\/\/nueva.cygsa.es\/wp-content\/uploads\/2014\/12\/logofeder.jpg\",\"contentUrl\":\"https:\/\/nueva.cygsa.es\/wp-content\/uploads\/2014\/12\/logofeder.jpg\"},{\"@type\":\"BreadcrumbList\",\"@id\":\"https:\/\/cygsa.es\/fr\/proyectos\/#breadcrumb\",\"itemListElement\":[{\"@type\":\"ListItem\",\"position\":1,\"name\":\"Portada\",\"item\":\"https:\/\/cygsa.es\/fr\/\"},{\"@type\":\"ListItem\",\"position\":2,\"name\":\"Proyets\"}]},{\"@type\":\"WebSite\",\"@id\":\"https:\/\/cygsa.es\/fr\/#website\",\"url\":\"https:\/\/cygsa.es\/fr\/\",\"name\":\"Cygsa - Fabricantes de compuestos de pl\u00e1sticos\",\"description\":\"Trabajamos para conseguir la m\u00e1xima satisfacci\u00f3n de nuestros clientes a trav\u00e9s de un procedimiento de trabajo lo m\u00e1s sostenible posible\",\"potentialAction\":[{\"@type\":\"SearchAction\",\"target\":{\"@type\":\"EntryPoint\",\"urlTemplate\":\"https:\/\/cygsa.es\/fr\/?s={search_term_string}\"},\"query-input\":{\"@type\":\"PropertyValueSpecification\",\"valueRequired\":true,\"valueName\":\"search_term_string\"}}],\"inLanguage\":\"fr-FR\"}]}<\/script>\n<!-- \/ Yoast SEO plugin. -->","yoast_head_json":{"title":"Proyets - Cygsa - Fabricantes de compuestos de pl\u00e1sticos","robots":{"index":"index","follow":"follow","max-snippet":"max-snippet:-1","max-image-preview":"max-image-preview:large","max-video-preview":"max-video-preview:-1"},"canonical":"https:\/\/cygsa.es\/fr\/proyectos\/","og_locale":"fr_FR","og_type":"article","og_title":"Proyets - Cygsa - Fabricantes de compuestos de pl\u00e1sticos","og_description":"Notre pari: \u00a0l\u2019innovation La vision de CYGSA est de mettre en marche des mesures sp\u00e9cifiques de soutien au transfert de technologie et \u00e0 la comp\u00e9titivit\u00e9 industrielle en incitant \u00e0 l\u2019innovationD\u00c9PARTEMENT TECHNIQUE Nous disposons d\u2019une technologie d\u2019avant-garde vari\u00e9e pour contr\u00f4ler la qualit\u00e9 et le d\u00e9veloppement de nouveaux projets et de nouvelles formules (essais de rh\u00e9ologie et [&hellip;]","og_url":"https:\/\/cygsa.es\/fr\/proyectos\/","og_site_name":"Cygsa - Fabricantes de compuestos de pl\u00e1sticos","article_modified_time":"2025-12-02T11:27:00+00:00","og_image":[{"url":"https:\/\/nueva.cygsa.es\/wp-content\/uploads\/2014\/12\/logofeder.jpg","type":"","width":"","height":""}],"twitter_card":"summary_large_image","twitter_misc":{"Dur\u00e9e de lecture estim\u00e9e":"7 minutes"},"schema":{"@context":"https:\/\/schema.org","@graph":[{"@type":"WebPage","@id":"https:\/\/cygsa.es\/fr\/proyectos\/","url":"https:\/\/cygsa.es\/fr\/proyectos\/","name":"Proyets - Cygsa - Fabricantes de compuestos de pl\u00e1sticos","isPartOf":{"@id":"https:\/\/cygsa.es\/fr\/#website"},"primaryImageOfPage":{"@id":"https:\/\/cygsa.es\/fr\/proyectos\/#primaryimage"},"image":{"@id":"https:\/\/cygsa.es\/fr\/proyectos\/#primaryimage"},"thumbnailUrl":"https:\/\/nueva.cygsa.es\/wp-content\/uploads\/2014\/12\/logofeder.jpg","datePublished":"2021-01-20T12:01:01+00:00","dateModified":"2025-12-02T11:27:00+00:00","breadcrumb":{"@id":"https:\/\/cygsa.es\/fr\/proyectos\/#breadcrumb"},"inLanguage":"fr-FR","potentialAction":[{"@type":"ReadAction","target":["https:\/\/cygsa.es\/fr\/proyectos\/"]}]},{"@type":"ImageObject","inLanguage":"fr-FR","@id":"https:\/\/cygsa.es\/fr\/proyectos\/#primaryimage","url":"https:\/\/nueva.cygsa.es\/wp-content\/uploads\/2014\/12\/logofeder.jpg","contentUrl":"https:\/\/nueva.cygsa.es\/wp-content\/uploads\/2014\/12\/logofeder.jpg"},{"@type":"BreadcrumbList","@id":"https:\/\/cygsa.es\/fr\/proyectos\/#breadcrumb","itemListElement":[{"@type":"ListItem","position":1,"name":"Portada","item":"https:\/\/cygsa.es\/fr\/"},{"@type":"ListItem","position":2,"name":"Proyets"}]},{"@type":"WebSite","@id":"https:\/\/cygsa.es\/fr\/#website","url":"https:\/\/cygsa.es\/fr\/","name":"Cygsa - Fabricantes de compuestos de pl\u00e1sticos","description":"Trabajamos para conseguir la m\u00e1xima satisfacci\u00f3n de nuestros clientes a trav\u00e9s de un procedimiento de trabajo lo m\u00e1s sostenible posible","potentialAction":[{"@type":"SearchAction","target":{"@type":"EntryPoint","urlTemplate":"https:\/\/cygsa.es\/fr\/?s={search_term_string}"},"query-input":{"@type":"PropertyValueSpecification","valueRequired":true,"valueName":"search_term_string"}}],"inLanguage":"fr-FR"}]}},"_links":{"self":[{"href":"https:\/\/cygsa.es\/fr\/wp-json\/wp\/v2\/pages\/7004","targetHints":{"allow":["GET"]}}],"collection":[{"href":"https:\/\/cygsa.es\/fr\/wp-json\/wp\/v2\/pages"}],"about":[{"href":"https:\/\/cygsa.es\/fr\/wp-json\/wp\/v2\/types\/page"}],"author":[{"embeddable":true,"href":"https:\/\/cygsa.es\/fr\/wp-json\/wp\/v2\/users\/1"}],"replies":[{"embeddable":true,"href":"https:\/\/cygsa.es\/fr\/wp-json\/wp\/v2\/comments?post=7004"}],"version-history":[{"count":11,"href":"https:\/\/cygsa.es\/fr\/wp-json\/wp\/v2\/pages\/7004\/revisions"}],"predecessor-version":[{"id":7694,"href":"https:\/\/cygsa.es\/fr\/wp-json\/wp\/v2\/pages\/7004\/revisions\/7694"}],"wp:attachment":[{"href":"https:\/\/cygsa.es\/fr\/wp-json\/wp\/v2\/media?parent=7004"}],"curies":[{"name":"wp","href":"https:\/\/api.w.org\/{rel}","templated":true}]}}