{"id":7013,"date":"2021-01-20T12:23:33","date_gmt":"2021-01-20T12:23:33","guid":{"rendered":"https:\/\/nueva.cygsa.es\/politica\/"},"modified":"2025-03-25T08:28:45","modified_gmt":"2025-03-25T08:28:45","slug":"politica","status":"publish","type":"page","link":"https:\/\/cygsa.es\/fr\/politica\/","title":{"rendered":"Politique"},"content":{"rendered":"<p>[et_pb_section fb_built=\u00a0\u00bb1&Prime; fullwidth=\u00a0\u00bbon\u00a0\u00bb _builder_version=\u00a0\u00bb4.16&Prime; _module_preset=\u00a0\u00bbdefault\u00a0\u00bb global_colors_info=\u00a0\u00bb{}\u00a0\u00bb][et_pb_fullwidth_header _builder_version=\u00a0\u00bb4.16&Prime; _module_preset=\u00a0\u00bbdefault\u00a0\u00bb title_text_color=\u00a0\u00bb#000000&Prime; background_color=\u00a0\u00bbrgba(214,214,214,0.55)\u00a0\u00bb global_colors_info=\u00a0\u00bb{}\u00a0\u00bb]<\/p>\n<h1><span style=\"color: #99cc00;\"><strong>Engagement<\/strong><\/span><span>\u00a0<\/span>pour la qualit\u00e9, la s\u00e9curit\u00e9, la sant\u00e9 et l\u2019environnement<br \/>\n<\/h1>\n<p>[\/et_pb_fullwidth_header][\/et_pb_section][et_pb_section fb_built=\u00a0\u00bb1&Prime; _builder_version=\u00a0\u00bb4.16&Prime; _module_preset=\u00a0\u00bbdefault\u00a0\u00bb global_colors_info=\u00a0\u00bb{}\u00a0\u00bb][et_pb_row _builder_version=\u00a0\u00bb4.16&Prime; _module_preset=\u00a0\u00bbdefault\u00a0\u00bb global_colors_info=\u00a0\u00bb{}\u00a0\u00bb][et_pb_column type=\u00a0\u00bb4_4&Prime; _builder_version=\u00a0\u00bb4.16&Prime; _module_preset=\u00a0\u00bbdefault\u00a0\u00bb global_colors_info=\u00a0\u00bb{}\u00a0\u00bb][et_pb_text _builder_version=\u00a0\u00bb4.16&Prime; _module_preset=\u00a0\u00bbdefault\u00a0\u00bb global_colors_info=\u00a0\u00bb{}\u00a0\u00bb]<\/p>\n<p>La<strong><span>\u00a0<\/span>politique int\u00e9gr\u00e9e<\/strong><span>\u00a0<\/span>de CYGSA repose sur 3 axes essentiels:<\/p>\n<ul>\n<li>Satisfaire constamment les besoins et les attentes de notre client\u00e8le en mati\u00e8re de<span>\u00a0<\/span><strong>qualit\u00e9<\/strong>.<\/li>\n<li>Prot\u00e9ger de fa\u00e7on proactive la<span>\u00a0<\/span><strong>sant\u00e9 et la s\u00e9curit\u00e9<\/strong><span>\u00a0<\/span>de nos travailleurs \/ collaborateurs.<\/li>\n<li>Travailler pour la minimisation des aspects et la protection de<span>\u00a0<\/span><strong>l\u2019environnement.<\/strong><\/li>\n<\/ul>\n<p align=\"JUSTIFY\">Nous sommes conscients que la r\u00e9ussite ne peut \u00eatre obtenue qu\u2019en travaillant dur, et toujours en symbiose avec clients et collaborateurs. Nous faisons un effort chaque jour et suivons les directives pr\u00e9c\u00e9dentes pour progresser et nous proposons de nouveaux d\u00e9fis \u00e0 atteindre dans le futur.<\/p>\n<p>[\/et_pb_text][\/et_pb_column][\/et_pb_row][et_pb_row column_structure=\u00a0\u00bb1_3,1_3,1_3&Prime; _builder_version=\u00a0\u00bb4.16&Prime; _module_preset=\u00a0\u00bbdefault\u00a0\u00bb global_colors_info=\u00a0\u00bb{}\u00a0\u00bb][et_pb_column type=\u00a0\u00bb1_3&Prime; _builder_version=\u00a0\u00bb4.16&Prime; _module_preset=\u00a0\u00bbdefault\u00a0\u00bb global_colors_info=\u00a0\u00bb{}\u00a0\u00bb][et_pb_image src=\u00a0\u00bbhttps:\/\/nueva.cygsa.es\/wp-content\/uploads\/2014\/12\/Sello_ER.jpg\u00a0\u00bb title_text=\u00a0\u00bbSello_ER\u00a0\u00bb align=\u00a0\u00bbcenter\u00a0\u00bb _builder_version=\u00a0\u00bb4.16&Prime; _module_preset=\u00a0\u00bbdefault\u00a0\u00bb custom_margin=\u00a0\u00bb||11px|||\u00a0\u00bb global_colors_info=\u00a0\u00bb{}\u00a0\u00bb][\/et_pb_image][et_pb_text _builder_version=\u00a0\u00bb4.16&Prime; _module_preset=\u00a0\u00bbdefault\u00a0\u00bb global_colors_info=\u00a0\u00bb{}\u00a0\u00bb]<\/p>\n<p style=\"text-align: center;\">Enterprise enregistr\u00e9e<\/p>\n<p>[\/et_pb_text][et_pb_button button_url=\u00a0\u00bb\/wp-content\/uploads\/2025\/03\/ER25.pdf\u00a0\u00bb url_new_window=\u00a0\u00bbon\u00a0\u00bb button_text=\u00a0\u00bbT\u00e9l\u00e9charger\u00a0\u00bb button_alignment=\u00a0\u00bbcenter\u00a0\u00bb _builder_version=\u00a0\u00bb4.27.4&Prime; _module_preset=\u00a0\u00bbdefault\u00a0\u00bb custom_button=\u00a0\u00bbon\u00a0\u00bb button_text_size=\u00a0\u00bb13px\u00a0\u00bb button_text_color=\u00a0\u00bb#AADB24&Prime; hover_enabled=\u00a0\u00bb0&Prime; global_colors_info=\u00a0\u00bb{}\u00a0\u00bb sticky_enabled=\u00a0\u00bb0&Prime;][\/et_pb_button][\/et_pb_column][et_pb_column type=\u00a0\u00bb1_3&Prime; _builder_version=\u00a0\u00bb4.16&Prime; _module_preset=\u00a0\u00bbdefault\u00a0\u00bb global_colors_info=\u00a0\u00bb{}\u00a0\u00bb][et_pb_image src=\u00a0\u00bbhttps:\/\/nueva.cygsa.es\/wp-content\/uploads\/2014\/12\/Sello_GA.jpg\u00a0\u00bb title_text=\u00a0\u00bbSello_GA\u00a0\u00bb align=\u00a0\u00bbcenter\u00a0\u00bb _builder_version=\u00a0\u00bb4.16&Prime; _module_preset=\u00a0\u00bbdefault\u00a0\u00bb custom_margin=\u00a0\u00bb||11px|||\u00a0\u00bb global_colors_info=\u00a0\u00bb{}\u00a0\u00bb][\/et_pb_image][et_pb_text _builder_version=\u00a0\u00bb4.16&Prime; _module_preset=\u00a0\u00bbdefault\u00a0\u00bb global_colors_info=\u00a0\u00bb{}\u00a0\u00bb]<\/p>\n<p style=\"text-align: center;\">Gestion envitonnementale<\/p>\n<p>[\/et_pb_text][et_pb_button button_url=\u00a0\u00bb\/wp-content\/uploads\/2025\/03\/GA25.pdf\u00a0\u00bb url_new_window=\u00a0\u00bbon\u00a0\u00bb button_text=\u00a0\u00bbT\u00e9l\u00e9charger\u00a0\u00bb button_alignment=\u00a0\u00bbcenter\u00a0\u00bb _builder_version=\u00a0\u00bb4.27.4&Prime; _module_preset=\u00a0\u00bbdefault\u00a0\u00bb custom_button=\u00a0\u00bbon\u00a0\u00bb button_text_size=\u00a0\u00bb13px\u00a0\u00bb button_text_color=\u00a0\u00bb#AADB24&Prime; hover_enabled=\u00a0\u00bb0&Prime; global_colors_info=\u00a0\u00bb{}\u00a0\u00bb sticky_enabled=\u00a0\u00bb0&Prime;][\/et_pb_button][\/et_pb_column][et_pb_column type=\u00a0\u00bb1_3&Prime; _builder_version=\u00a0\u00bb4.16&Prime; _module_preset=\u00a0\u00bbdefault\u00a0\u00bb global_colors_info=\u00a0\u00bb{}\u00a0\u00bb][et_pb_image src=\u00a0\u00bbhttps:\/\/cygsa.es\/wp-content\/uploads\/2021\/02\/iso.png\u00a0\u00bb title_text=\u00a0\u00bbiso\u00a0\u00bb align=\u00a0\u00bbcenter\u00a0\u00bb _builder_version=\u00a0\u00bb4.16&Prime; _module_preset=\u00a0\u00bbdefault\u00a0\u00bb custom_margin=\u00a0\u00bb||11px|||\u00a0\u00bb global_colors_info=\u00a0\u00bb{}\u00a0\u00bb][\/et_pb_image][et_pb_text _builder_version=\u00a0\u00bb4.16&Prime; _module_preset=\u00a0\u00bbdefault\u00a0\u00bb global_colors_info=\u00a0\u00bb{}\u00a0\u00bb]<\/p>\n<p style=\"text-align: center;\">S\u00e9curit\u00e9 et sant\u00e9 au travail<\/p>\n<p>[\/et_pb_text][et_pb_button button_url=\u00a0\u00bb@ET-DC@eyJkeW5hbWljIjp0cnVlLCJjb250ZW50IjoicG9zdF9saW5rX3VybF9hdHRhY2htZW50Iiwic2V0dGluZ3MiOnsicG9zdF9pZCI6IjczODYifX0=@\u00a0\u00bb url_new_window=\u00a0\u00bbon\u00a0\u00bb button_text=\u00a0\u00bbT\u00e9l\u00e9charger\u00a0\u00bb button_alignment=\u00a0\u00bbcenter\u00a0\u00bb _builder_version=\u00a0\u00bb4.16&Prime; _dynamic_attributes=\u00a0\u00bbbutton_url\u00a0\u00bb _module_preset=\u00a0\u00bbdefault\u00a0\u00bb custom_button=\u00a0\u00bbon\u00a0\u00bb button_text_size=\u00a0\u00bb13px\u00a0\u00bb button_text_color=\u00a0\u00bb#AADB24&Prime; global_colors_info=\u00a0\u00bb{}\u00a0\u00bb][\/et_pb_button][\/et_pb_column][\/et_pb_row][et_pb_row _builder_version=\u00a0\u00bb4.16&Prime; _module_preset=\u00a0\u00bbdefault\u00a0\u00bb locked=\u00a0\u00bboff\u00a0\u00bb global_colors_info=\u00a0\u00bb{}\u00a0\u00bb][et_pb_column type=\u00a0\u00bb4_4&Prime; _builder_version=\u00a0\u00bb4.16&Prime; _module_preset=\u00a0\u00bbdefault\u00a0\u00bb global_colors_info=\u00a0\u00bb{}\u00a0\u00bb][et_pb_text _builder_version=\u00a0\u00bb4.16&Prime; _module_preset=\u00a0\u00bbdefault\u00a0\u00bb global_colors_info=\u00a0\u00bb{}\u00a0\u00bb]<\/p>\n<p>La politique int\u00e9gr\u00e9e est disponible pour toutes les parties int\u00e9ress\u00e9es qui en ont besoin et peuvent en demander une copie en <a href=\"https:\/\/cygsa.es\/fr\/contacta\/\">contactant<\/a> le site Web.<\/p>\n<p>[\/et_pb_text][\/et_pb_column][\/et_pb_row][et_pb_row column_structure=\u00a0\u00bb3_4,1_4&Prime; _builder_version=\u00a0\u00bb4.16&Prime; _module_preset=\u00a0\u00bbdefault\u00a0\u00bb locked=\u00a0\u00bboff\u00a0\u00bb global_colors_info=\u00a0\u00bb{}\u00a0\u00bb][et_pb_column type=\u00a0\u00bb3_4&Prime; _builder_version=\u00a0\u00bb4.16&Prime; _module_preset=\u00a0\u00bbdefault\u00a0\u00bb global_colors_info=\u00a0\u00bb{}\u00a0\u00bb][et_pb_text _builder_version=\u00a0\u00bb4.16&Prime; _module_preset=\u00a0\u00bbdefault\u00a0\u00bb global_colors_info=\u00a0\u00bb{}\u00a0\u00bb]<\/p>\n<h3><strong>Adh\u00e9sion au programme OCS (Op\u00e9ration Clean Sweep)<\/strong><\/h3>\n<p><strong><\/strong><\/p>\n<p>CYGSA adh\u00e8re volontairement au programme OCS (Operation Clean Sweep) dont le but est de r\u00e9duire l&rsquo;impact environnemental caus\u00e9 par la perte de pellets dans nos op\u00e9rations quotidiennes.<\/p>\n<p>Cet engagement s&rsquo;est traduit par la mise en place d&rsquo;une strat\u00e9gie de d\u00e9veloppement durable qui s&rsquo;est traduite par une s\u00e9rie d&rsquo;initiatives internes en ligne avec l&rsquo;objectif et la philosophie du programme OCS, \u00ab z\u00e9ro perte de pellets \u00bb.<\/p>\n<p>CYGSA encourage tous nos collaborateurs, fournisseurs et clients, en tant qu&rsquo;\u00e9l\u00e9ments fondamentaux de notre cha\u00eene de valeur, \u00e0 mettre en \u0153uvre et \u00e0 promouvoir ces bonnes pratiques qui, sans aucun doute, contribueront \u00e0 pr\u00e9venir la diss\u00e9mination des granul\u00e9s dans l&rsquo;environnement, objectif principal du programme OCS.<\/p>\n<p>[\/et_pb_text][\/et_pb_column][et_pb_column type=\u00a0\u00bb1_4&Prime; _builder_version=\u00a0\u00bb4.16&Prime; _module_preset=\u00a0\u00bbdefault\u00a0\u00bb global_colors_info=\u00a0\u00bb{}\u00a0\u00bb][et_pb_image src=\u00a0\u00bbhttps:\/\/nueva.cygsa.es\/wp-content\/uploads\/2020\/12\/ocs.png\u00a0\u00bb title_text=\u00a0\u00bbocs\u00a0\u00bb _builder_version=\u00a0\u00bb4.16&Prime; _module_preset=\u00a0\u00bbdefault\u00a0\u00bb max_width=\u00a0\u00bb31%\u00a0\u00bb module_alignment=\u00a0\u00bbcenter\u00a0\u00bb custom_margin=\u00a0\u00bb40px|||||\u00a0\u00bb global_colors_info=\u00a0\u00bb{}\u00a0\u00bb][\/et_pb_image][et_pb_button button_url=\u00a0\u00bbhttps:\/\/cygsa.es\/wp-content\/uploads\/2021\/02\/CertificadoOCS.pdf\u00a0\u00bb url_new_window=\u00a0\u00bbon\u00a0\u00bb button_text=\u00a0\u00bbT\u00e9l\u00e9charger\u00a0\u00bb button_alignment=\u00a0\u00bbcenter\u00a0\u00bb admin_label=\u00a0\u00bbBot\u00f3n\u00a0\u00bb _builder_version=\u00a0\u00bb4.16&Prime; _module_preset=\u00a0\u00bbdefault\u00a0\u00bb custom_button=\u00a0\u00bbon\u00a0\u00bb button_text_size=\u00a0\u00bb13px\u00a0\u00bb button_text_color=\u00a0\u00bb#AADB24&Prime; global_colors_info=\u00a0\u00bb{}\u00a0\u00bb][\/et_pb_button][\/et_pb_column][\/et_pb_row][\/et_pb_section][et_pb_section fb_built=\u00a0\u00bb1&Prime; fullwidth=\u00a0\u00bbon\u00a0\u00bb _builder_version=\u00a0\u00bb4.16&Prime; _module_preset=\u00a0\u00bbdefault\u00a0\u00bb global_colors_info=\u00a0\u00bb{}\u00a0\u00bb][et_pb_fullwidth_header _builder_version=\u00a0\u00bb4.16&Prime; _module_preset=\u00a0\u00bbdefault\u00a0\u00bb title_text_color=\u00a0\u00bb#000000&Prime; background_color=\u00a0\u00bbrgba(214,214,214,0.55)\u00a0\u00bb global_colors_info=\u00a0\u00bb{}\u00a0\u00bb]<\/p>\n<h1>Engagement de<span>\u00a0<\/span><span style=\"color: #99cc00;\"><strong>durabilit\u00e9 <\/strong><\/span><\/h1>\n<p>[\/et_pb_fullwidth_header][\/et_pb_section][et_pb_section fb_built=\u00a0\u00bb1&Prime; _builder_version=\u00a0\u00bb4.16&Prime; _module_preset=\u00a0\u00bbdefault\u00a0\u00bb custom_padding=\u00a0\u00bb4px|||||\u00a0\u00bb global_colors_info=\u00a0\u00bb{}\u00a0\u00bb][et_pb_row column_structure=\u00a0\u00bb3_5,2_5&Prime; _builder_version=\u00a0\u00bb4.16&Prime; _module_preset=\u00a0\u00bbdefault\u00a0\u00bb global_colors_info=\u00a0\u00bb{}\u00a0\u00bb][et_pb_column type=\u00a0\u00bb3_5&Prime; _builder_version=\u00a0\u00bb4.16&Prime; _module_preset=\u00a0\u00bbdefault\u00a0\u00bb global_colors_info=\u00a0\u00bb{}\u00a0\u00bb][et_pb_text _builder_version=\u00a0\u00bb4.16&Prime; _module_preset=\u00a0\u00bbdefault\u00a0\u00bb custom_padding=\u00a0\u00bb66px|||||\u00a0\u00bb global_colors_info=\u00a0\u00bb{}\u00a0\u00bb]Chez CYGSA, en tant que partie int\u00e9grante de l\u2019industrie europ\u00e9enne du PVC, nous sommes attach\u00e9s de m\u00eame \u00e0 conserver les objectifs propos\u00e9s en mati\u00e8re de durabilit\u00e9.<\/p>\n<p>C\u2019est donc pour ceci que nous travaillons chaque jour pour un usage responsable des additifs et pour minimiser les aspects environnementaux.<\/p>\n<p>Gr\u00e2ce \u00e0 l\u2019appui de nos collaborateurs les plus proches, nous pouvons adapter nos formules aux changements adopt\u00e9s par l\u2019industrie.[\/et_pb_text][\/et_pb_column][et_pb_column type=\u00a0\u00bb2_5&Prime; _builder_version=\u00a0\u00bb4.16&Prime; _module_preset=\u00a0\u00bbdefault\u00a0\u00bb global_colors_info=\u00a0\u00bb{}\u00a0\u00bb][et_pb_image src=\u00a0\u00bbhttps:\/\/nueva.cygsa.es\/wp-content\/uploads\/2019\/11\/mundo.png\u00a0\u00bb title_text=\u00a0\u00bbmundo\u00a0\u00bb _builder_version=\u00a0\u00bb4.16&Prime; _module_preset=\u00a0\u00bbdefault\u00a0\u00bb global_colors_info=\u00a0\u00bb{}\u00a0\u00bb][\/et_pb_image][\/et_pb_column][\/et_pb_row][\/et_pb_section][et_pb_section fb_built=\u00a0\u00bb1&Prime; fullwidth=\u00a0\u00bbon\u00a0\u00bb _builder_version=\u00a0\u00bb4.16&Prime; _module_preset=\u00a0\u00bbdefault\u00a0\u00bb global_colors_info=\u00a0\u00bb{}\u00a0\u00bb][et_pb_fullwidth_header _builder_version=\u00a0\u00bb4.16&Prime; _module_preset=\u00a0\u00bbdefault\u00a0\u00bb title_text_color=\u00a0\u00bb#000000&Prime; background_color=\u00a0\u00bbrgba(214,214,214,0.55)\u00a0\u00bb global_colors_info=\u00a0\u00bb{}\u00a0\u00bb]<\/p>\n<h1>Engagement pour lede<span>\u00a0<\/span><span style=\"color: #99cc00;\"><strong>Respect <\/strong><\/span>des droits de l\u2019homme<\/h1>\n<p>[\/et_pb_fullwidth_header][\/et_pb_section][et_pb_section fb_built=\u00a0\u00bb1&Prime; _builder_version=\u00a0\u00bb4.16&Prime; _module_preset=\u00a0\u00bbdefault\u00a0\u00bb global_colors_info=\u00a0\u00bb{}\u00a0\u00bb][et_pb_row column_structure=\u00a0\u00bb3_5,2_5&Prime; _builder_version=\u00a0\u00bb4.16&Prime; _module_preset=\u00a0\u00bbdefault\u00a0\u00bb global_colors_info=\u00a0\u00bb{}\u00a0\u00bb][et_pb_column type=\u00a0\u00bb3_5&Prime; _builder_version=\u00a0\u00bb4.16&Prime; _module_preset=\u00a0\u00bbdefault\u00a0\u00bb global_colors_info=\u00a0\u00bb{}\u00a0\u00bb][et_pb_text _builder_version=\u00a0\u00bb4.16&Prime; _module_preset=\u00a0\u00bbdefault\u00a0\u00bb custom_padding=\u00a0\u00bb||0px|||\u00a0\u00bb global_colors_info=\u00a0\u00bb{}\u00a0\u00bb]<\/p>\n<p>CYGSA, qui est membre du groupe Shin-Etsu, respecte scrupuleusement toutes les lois et tous les r\u00e8glements, agit conform\u00e9ment aux pratiques commerciales loyales et fait partie de la vie quotidienne des personnes, tout en favorisant l\u2019avancement de l\u2019industrie et de la soci\u00e9t\u00e9 en cr\u00e9ant de la valeur gr\u00e2ce \u00e0 la fourniture de mat\u00e9riaux et de technologies importants.<\/p>\n<p>Le fondement de tout cela est le respect des droits de l\u2019homme.<\/p>\n<p>Conform\u00e9ment au code de d\u00e9ontologie international, chacune des soci\u00e9t\u00e9s du groupe respecte les droits de l\u2019homme de chaque personne de mani\u00e8re permanente et pr\u00e9conise activement des mesures \u00e0 cet effet.<\/p>\n<p>Pour voir la strat\u00e9gie de groupe compl\u00e8te, cliquez <a href=\"https:\/\/cygsa.es\/wp-content\/uploads\/2019\/11\/The-Shin-Etsu-Group-Human-Rights-Policy.pdf\">ici<\/a>.<\/p>\n<p>[\/et_pb_text][\/et_pb_column][et_pb_column type=\u00a0\u00bb2_5&Prime; _builder_version=\u00a0\u00bb4.16&Prime; _module_preset=\u00a0\u00bbdefault\u00a0\u00bb global_colors_info=\u00a0\u00bb{}\u00a0\u00bb][et_pb_image src=\u00a0\u00bbhttps:\/\/nueva.cygsa.es\/wp-content\/uploads\/2019\/11\/derechos.png\u00a0\u00bb title_text=\u00a0\u00bbderechos\u00a0\u00bb _builder_version=\u00a0\u00bb4.16&Prime; _module_preset=\u00a0\u00bbdefault\u00a0\u00bb global_colors_info=\u00a0\u00bb{}\u00a0\u00bb][\/et_pb_image][\/et_pb_column][\/et_pb_row][\/et_pb_section][et_pb_section fb_built=\u00a0\u00bb1&Prime; fullwidth=\u00a0\u00bbon\u00a0\u00bb _builder_version=\u00a0\u00bb4.16&Prime; _module_preset=\u00a0\u00bbdefault\u00a0\u00bb locked=\u00a0\u00bboff\u00a0\u00bb global_colors_info=\u00a0\u00bb{}\u00a0\u00bb][et_pb_fullwidth_header _builder_version=\u00a0\u00bb4.16&Prime; _module_preset=\u00a0\u00bbdefault\u00a0\u00bb title_text_color=\u00a0\u00bb#000000&Prime; background_color=\u00a0\u00bbrgba(214,214,214,0.55)\u00a0\u00bb global_colors_info=\u00a0\u00bb{}\u00a0\u00bb]<\/p>\n<h1><span style=\"color: #99cc00;\"><strong>Certification <\/strong><\/span>de la marque \u00ab\u00a0Industrie plastique espagnole et durable\u00a0\u00bb<\/h1>\n<p>[\/et_pb_fullwidth_header][\/et_pb_section][et_pb_section fb_built=\u00a0\u00bb1&Prime; _builder_version=\u00a0\u00bb4.16&Prime; _module_preset=\u00a0\u00bbdefault\u00a0\u00bb locked=\u00a0\u00bboff\u00a0\u00bb global_colors_info=\u00a0\u00bb{}\u00a0\u00bb][et_pb_row column_structure=\u00a0\u00bb3_5,2_5&Prime; _builder_version=\u00a0\u00bb4.16&Prime; _module_preset=\u00a0\u00bbdefault\u00a0\u00bb global_colors_info=\u00a0\u00bb{}\u00a0\u00bb][et_pb_column type=\u00a0\u00bb3_5&Prime; _builder_version=\u00a0\u00bb4.16&Prime; _module_preset=\u00a0\u00bbdefault\u00a0\u00bb global_colors_info=\u00a0\u00bb{}\u00a0\u00bb][et_pb_text _builder_version=\u00a0\u00bb4.16&Prime; _module_preset=\u00a0\u00bbdefault\u00a0\u00bb custom_padding=\u00a0\u00bb||0px|||\u00a0\u00bb global_colors_info=\u00a0\u00bb{}\u00a0\u00bb]<\/p>\n<p>CYGSA est le premier fabricant de composites \u00e0 obtenir la marque \u00ab Industrie Plastique \u00bb.<br \/>Espagnol et durable \u00bb que l&rsquo;ANAIP vient de r\u00e9compenser dans la cat\u00e9gorie 3 \u00e9toiles.<\/p>\n<p>L&rsquo;obtention de ce label repr\u00e9sente un exemple suppl\u00e9mentaire des efforts que l&rsquo;entreprise entreprend ann\u00e9e apr\u00e8s ann\u00e9e pour tenter d&rsquo;\u00eatre une entreprise de r\u00e9f\u00e9rence dans le secteur, et dont l&rsquo;engagement envers l&rsquo;environnement tant au niveau \u00e9conomique, social et environnemental est ind\u00e9niable. La durabilit\u00e9 est une priorit\u00e9 absolue pour le groupe, c&rsquo;est pourquoi ils continuent d&rsquo;\u0153uvrer en faveur d&rsquo;une consommation responsable qui permet l&rsquo;\u00e9quilibre environnemental et la croissance \u00e9conomique.<\/p>\n<p>La cr\u00e9ation et la promotion de cette certification d\u00e9montre l&rsquo;importance de l&rsquo;industrie<br \/>du plastique au niveau national, ainsi que sa circularit\u00e9 et sa durabilit\u00e9.<\/p>\n<p>Pour consulter le certificat, cliquez <a href=\"https:\/\/cygsa.es\/wp-content\/uploads\/2023\/12\/certificadosello.pdf\">ici<\/a><span style=\"font-size: 14px;\">.<\/span><\/p>\n<p>[\/et_pb_text][\/et_pb_column][et_pb_column type=\u00a0\u00bb2_5&Prime; _builder_version=\u00a0\u00bb4.16&Prime; _module_preset=\u00a0\u00bbdefault\u00a0\u00bb global_colors_info=\u00a0\u00bb{}\u00a0\u00bb][et_pb_image src=\u00a0\u00bbhttps:\/\/cygsa.es\/wp-content\/uploads\/2023\/12\/marca.png\u00a0\u00bb title_text=\u00a0\u00bbmarca\u00a0\u00bb _builder_version=\u00a0\u00bb4.16&Prime; _module_preset=\u00a0\u00bbdefault\u00a0\u00bb global_colors_info=\u00a0\u00bb{}\u00a0\u00bb][\/et_pb_image][\/et_pb_column][\/et_pb_row][\/et_pb_section]<\/p>\n","protected":false},"excerpt":{"rendered":"<p>Engagement\u00a0pour la qualit\u00e9, la s\u00e9curit\u00e9, la sant\u00e9 et l\u2019environnement La\u00a0politique int\u00e9gr\u00e9e\u00a0de CYGSA repose sur 3 axes essentiels: Satisfaire constamment les besoins et les attentes de notre client\u00e8le en mati\u00e8re de\u00a0qualit\u00e9. Prot\u00e9ger de fa\u00e7on proactive la\u00a0sant\u00e9 et la s\u00e9curit\u00e9\u00a0de nos travailleurs \/ collaborateurs. Travailler pour la minimisation des aspects et la protection de\u00a0l\u2019environnement. Nous sommes conscients [&hellip;]<\/p>\n","protected":false},"author":1,"featured_media":0,"parent":0,"menu_order":0,"comment_status":"closed","ping_status":"closed","template":"","meta":{"_et_pb_use_builder":"on","_et_pb_old_content":"","_et_gb_content_width":"","footnotes":""},"class_list":["post-7013","page","type-page","status-publish","hentry"],"yoast_head":"<!-- This site is optimized with the Yoast SEO plugin v27.1.1 - https:\/\/yoast.com\/product\/yoast-seo-wordpress\/ -->\n<title>Politique - Cygsa - Fabricantes de compuestos de pl\u00e1sticos<\/title>\n<meta name=\"robots\" content=\"index, follow, max-snippet:-1, max-image-preview:large, max-video-preview:-1\" \/>\n<link rel=\"canonical\" href=\"https:\/\/cygsa.es\/fr\/politica\/\" \/>\n<meta property=\"og:locale\" content=\"fr_FR\" \/>\n<meta property=\"og:type\" content=\"article\" \/>\n<meta property=\"og:title\" content=\"Politique - Cygsa - Fabricantes de compuestos de pl\u00e1sticos\" \/>\n<meta property=\"og:description\" content=\"Engagement\u00a0pour la qualit\u00e9, la s\u00e9curit\u00e9, la sant\u00e9 et l\u2019environnement La\u00a0politique int\u00e9gr\u00e9e\u00a0de CYGSA repose sur 3 axes essentiels: Satisfaire constamment les besoins et les attentes de notre client\u00e8le en mati\u00e8re de\u00a0qualit\u00e9. Prot\u00e9ger de fa\u00e7on proactive la\u00a0sant\u00e9 et la s\u00e9curit\u00e9\u00a0de nos travailleurs \/ collaborateurs. Travailler pour la minimisation des aspects et la protection de\u00a0l\u2019environnement. Nous sommes conscients [&hellip;]\" \/>\n<meta property=\"og:url\" content=\"https:\/\/cygsa.es\/fr\/politica\/\" \/>\n<meta property=\"og:site_name\" content=\"Cygsa - Fabricantes de compuestos de pl\u00e1sticos\" \/>\n<meta property=\"article:modified_time\" content=\"2025-03-25T08:28:45+00:00\" \/>\n<meta name=\"twitter:card\" content=\"summary_large_image\" \/>\n<meta name=\"twitter:label1\" content=\"Dur\u00e9e de lecture estim\u00e9e\" \/>\n\t<meta name=\"twitter:data1\" content=\"5 minutes\" \/>\n<script type=\"application\/ld+json\" class=\"yoast-schema-graph\">{\"@context\":\"https:\/\/schema.org\",\"@graph\":[{\"@type\":\"WebPage\",\"@id\":\"https:\/\/cygsa.es\/fr\/politica\/\",\"url\":\"https:\/\/cygsa.es\/fr\/politica\/\",\"name\":\"Politique - Cygsa - Fabricantes de compuestos de pl\u00e1sticos\",\"isPartOf\":{\"@id\":\"https:\/\/cygsa.es\/fr\/#website\"},\"datePublished\":\"2021-01-20T12:23:33+00:00\",\"dateModified\":\"2025-03-25T08:28:45+00:00\",\"breadcrumb\":{\"@id\":\"https:\/\/cygsa.es\/fr\/politica\/#breadcrumb\"},\"inLanguage\":\"fr-FR\",\"potentialAction\":[{\"@type\":\"ReadAction\",\"target\":[\"https:\/\/cygsa.es\/fr\/politica\/\"]}]},{\"@type\":\"BreadcrumbList\",\"@id\":\"https:\/\/cygsa.es\/fr\/politica\/#breadcrumb\",\"itemListElement\":[{\"@type\":\"ListItem\",\"position\":1,\"name\":\"Portada\",\"item\":\"https:\/\/cygsa.es\/fr\/\"},{\"@type\":\"ListItem\",\"position\":2,\"name\":\"Politique\"}]},{\"@type\":\"WebSite\",\"@id\":\"https:\/\/cygsa.es\/fr\/#website\",\"url\":\"https:\/\/cygsa.es\/fr\/\",\"name\":\"Cygsa - Fabricantes de compuestos de pl\u00e1sticos\",\"description\":\"Trabajamos para conseguir la m\u00e1xima satisfacci\u00f3n de nuestros clientes a trav\u00e9s de un procedimiento de trabajo lo m\u00e1s sostenible posible\",\"potentialAction\":[{\"@type\":\"SearchAction\",\"target\":{\"@type\":\"EntryPoint\",\"urlTemplate\":\"https:\/\/cygsa.es\/fr\/?s={search_term_string}\"},\"query-input\":{\"@type\":\"PropertyValueSpecification\",\"valueRequired\":true,\"valueName\":\"search_term_string\"}}],\"inLanguage\":\"fr-FR\"}]}<\/script>\n<!-- \/ Yoast SEO plugin. -->","yoast_head_json":{"title":"Politique - Cygsa - Fabricantes de compuestos de pl\u00e1sticos","robots":{"index":"index","follow":"follow","max-snippet":"max-snippet:-1","max-image-preview":"max-image-preview:large","max-video-preview":"max-video-preview:-1"},"canonical":"https:\/\/cygsa.es\/fr\/politica\/","og_locale":"fr_FR","og_type":"article","og_title":"Politique - Cygsa - Fabricantes de compuestos de pl\u00e1sticos","og_description":"Engagement\u00a0pour la qualit\u00e9, la s\u00e9curit\u00e9, la sant\u00e9 et l\u2019environnement La\u00a0politique int\u00e9gr\u00e9e\u00a0de CYGSA repose sur 3 axes essentiels: Satisfaire constamment les besoins et les attentes de notre client\u00e8le en mati\u00e8re de\u00a0qualit\u00e9. Prot\u00e9ger de fa\u00e7on proactive la\u00a0sant\u00e9 et la s\u00e9curit\u00e9\u00a0de nos travailleurs \/ collaborateurs. Travailler pour la minimisation des aspects et la protection de\u00a0l\u2019environnement. Nous sommes conscients [&hellip;]","og_url":"https:\/\/cygsa.es\/fr\/politica\/","og_site_name":"Cygsa - Fabricantes de compuestos de pl\u00e1sticos","article_modified_time":"2025-03-25T08:28:45+00:00","twitter_card":"summary_large_image","twitter_misc":{"Dur\u00e9e de lecture estim\u00e9e":"5 minutes"},"schema":{"@context":"https:\/\/schema.org","@graph":[{"@type":"WebPage","@id":"https:\/\/cygsa.es\/fr\/politica\/","url":"https:\/\/cygsa.es\/fr\/politica\/","name":"Politique - Cygsa - Fabricantes de compuestos de pl\u00e1sticos","isPartOf":{"@id":"https:\/\/cygsa.es\/fr\/#website"},"datePublished":"2021-01-20T12:23:33+00:00","dateModified":"2025-03-25T08:28:45+00:00","breadcrumb":{"@id":"https:\/\/cygsa.es\/fr\/politica\/#breadcrumb"},"inLanguage":"fr-FR","potentialAction":[{"@type":"ReadAction","target":["https:\/\/cygsa.es\/fr\/politica\/"]}]},{"@type":"BreadcrumbList","@id":"https:\/\/cygsa.es\/fr\/politica\/#breadcrumb","itemListElement":[{"@type":"ListItem","position":1,"name":"Portada","item":"https:\/\/cygsa.es\/fr\/"},{"@type":"ListItem","position":2,"name":"Politique"}]},{"@type":"WebSite","@id":"https:\/\/cygsa.es\/fr\/#website","url":"https:\/\/cygsa.es\/fr\/","name":"Cygsa - Fabricantes de compuestos de pl\u00e1sticos","description":"Trabajamos para conseguir la m\u00e1xima satisfacci\u00f3n de nuestros clientes a trav\u00e9s de un procedimiento de trabajo lo m\u00e1s sostenible posible","potentialAction":[{"@type":"SearchAction","target":{"@type":"EntryPoint","urlTemplate":"https:\/\/cygsa.es\/fr\/?s={search_term_string}"},"query-input":{"@type":"PropertyValueSpecification","valueRequired":true,"valueName":"search_term_string"}}],"inLanguage":"fr-FR"}]}},"_links":{"self":[{"href":"https:\/\/cygsa.es\/fr\/wp-json\/wp\/v2\/pages\/7013","targetHints":{"allow":["GET"]}}],"collection":[{"href":"https:\/\/cygsa.es\/fr\/wp-json\/wp\/v2\/pages"}],"about":[{"href":"https:\/\/cygsa.es\/fr\/wp-json\/wp\/v2\/types\/page"}],"author":[{"embeddable":true,"href":"https:\/\/cygsa.es\/fr\/wp-json\/wp\/v2\/users\/1"}],"replies":[{"embeddable":true,"href":"https:\/\/cygsa.es\/fr\/wp-json\/wp\/v2\/comments?post=7013"}],"version-history":[{"count":17,"href":"https:\/\/cygsa.es\/fr\/wp-json\/wp\/v2\/pages\/7013\/revisions"}],"predecessor-version":[{"id":7523,"href":"https:\/\/cygsa.es\/fr\/wp-json\/wp\/v2\/pages\/7013\/revisions\/7523"}],"wp:attachment":[{"href":"https:\/\/cygsa.es\/fr\/wp-json\/wp\/v2\/media?parent=7013"}],"curies":[{"name":"wp","href":"https:\/\/api.w.org\/{rel}","templated":true}]}}