{"id":7023,"date":"2021-01-20T11:45:41","date_gmt":"2021-01-20T11:45:41","guid":{"rendered":"https:\/\/nueva.cygsa.es\/covid\/"},"modified":"2023-12-20T09:12:50","modified_gmt":"2023-12-20T09:12:50","slug":"covid","status":"publish","type":"page","link":"https:\/\/cygsa.es\/fr\/covid\/","title":{"rendered":"Covid"},"content":{"rendered":"<p>[et_pb_section fb_built=\u00a0\u00bb1&Prime; _builder_version=\u00a0\u00bb4.15&Prime; _module_preset=\u00a0\u00bbdefault\u00a0\u00bb global_colors_info=\u00a0\u00bb{}\u00a0\u00bb][et_pb_row _builder_version=\u00a0\u00bb4.15&Prime; _module_preset=\u00a0\u00bbdefault\u00a0\u00bb global_colors_info=\u00a0\u00bb{}\u00a0\u00bb][et_pb_column type=\u00a0\u00bb4_4&Prime; _builder_version=\u00a0\u00bb4.15&Prime; _module_preset=\u00a0\u00bbdefault\u00a0\u00bb global_colors_info=\u00a0\u00bb{}\u00a0\u00bb][et_pb_text disabled_on=\u00a0\u00bboff|off|off\u00a0\u00bb _builder_version=\u00a0\u00bb4.15&Prime; _module_preset=\u00a0\u00bbdefault\u00a0\u00bb global_colors_info=\u00a0\u00bb{}\u00a0\u00bb]<\/p>\n<p>Comme \u00e9tabli dans le Code d&rsquo;\u00c9thique et le R\u00e8glement de Conduite \u00c9thique du groupe CIRES, toutes les personnes qui travaillent dans le groupe ont la responsabilit\u00e9 d&rsquo;agir avec int\u00e9grit\u00e9, transparence, engagement et respect de la loi et de son r\u00e8glement int\u00e9rieur, ainsi que le devoir coop\u00e9rer pour emp\u00eacher toute personne d&rsquo;agir de mani\u00e8re incorrecte ou sans int\u00e9grit\u00e9, en promouvant activement la communication de toute \u00e9ventuelle irr\u00e9gularit\u00e9 ou non-conformit\u00e9.<\/p>\n<p>Le groupe CIRES est compos\u00e9 de la soci\u00e9t\u00e9 m\u00e8re Companhia Industrial de Resinas Sinteticas, CIRES, Lda. et de ses filiales, dont Compuestos y Granzas, S.A.U. Companhia Industrial de Resinas Sinteticas, CIRES, Lda a approuv\u00e9 la politique de gestion du canal d&rsquo;alerte du groupe CIRES, le responsable et les principes qui la r\u00e9gissent. Dans le cas de CYGSA, cette politique de groupe est compl\u00e9t\u00e9e par les crit\u00e8res de gestion desdites r\u00e9clamations conform\u00e9ment \u00e0 la loi 2\/2023, inclus dans la proc\u00e9dure de gestion du canal de r\u00e9clamation de Compuestos y Granzas S.A.U.<\/p>\n<p>Le canal des r\u00e9clamations est mis \u00e0 la disposition de tous les travailleurs de l\u2019entreprise, ainsi que des tiers, qu\u2019il s\u2019agisse de fournisseurs, d\u2019entrepreneurs, etc.<\/p>\n<p>Toute plainte concernant des violations de la loi dans le cadre de votre activit\u00e9 professionnelle ou impliquant un d\u00e9lit fait l&rsquo;objet d&rsquo;une communication via ce canal.<\/p>\n<p>Le canal de signalement garantit la confidentialit\u00e9 de l&rsquo;identit\u00e9 de l&rsquo;informateur et de tout tiers mentionn\u00e9 dans la communication, ainsi que des actions r\u00e9alis\u00e9es dans le cadre de son traitement, en emp\u00eachant l&rsquo;acc\u00e8s \u00e0 du personnel non autoris\u00e9. Les dispositions relatives aux donn\u00e9es personnelles seront respect\u00e9es conform\u00e9ment aux dispositions de la loi.<\/p>\n<p>Pour faire un rapport, envoyez un e-mail \u00e0 canaldenuncia@mailcygsa.es ou cliquez sur<span style=\"font-size: 14px;\"> <\/span><a href=\"mailto:canaldenuncia@mailcygsa.es\" target=\"_blank\" rel=\"noopener noreferrer\" style=\"font-size: 14px;\">ici<\/a><span style=\"font-size: 14px;\">.<\/span><\/p>\n<p>&nbsp;<\/p>\n<p>[\/et_pb_text][\/et_pb_column][\/et_pb_row][\/et_pb_section]<\/p>\n","protected":false},"excerpt":{"rendered":"<p>Comme \u00e9tabli dans le Code d&rsquo;\u00c9thique et le R\u00e8glement de Conduite \u00c9thique du groupe CIRES, toutes les personnes qui travaillent dans le groupe ont la responsabilit\u00e9 d&rsquo;agir avec int\u00e9grit\u00e9, transparence, engagement et respect de la loi et de son r\u00e8glement int\u00e9rieur, ainsi que le devoir coop\u00e9rer pour emp\u00eacher toute personne d&rsquo;agir de mani\u00e8re incorrecte ou [&hellip;]<\/p>\n","protected":false},"author":1,"featured_media":0,"parent":0,"menu_order":0,"comment_status":"closed","ping_status":"closed","template":"","meta":{"_et_pb_use_builder":"on","_et_pb_old_content":"","_et_gb_content_width":"","footnotes":""},"class_list":["post-7023","page","type-page","status-publish","hentry"],"yoast_head":"<!-- This site is optimized with the Yoast SEO plugin v27.1.1 - https:\/\/yoast.com\/product\/yoast-seo-wordpress\/ -->\n<title>Covid - Cygsa - Fabricantes de compuestos de pl\u00e1sticos<\/title>\n<meta name=\"robots\" content=\"index, follow, max-snippet:-1, max-image-preview:large, max-video-preview:-1\" \/>\n<link rel=\"canonical\" href=\"https:\/\/cygsa.es\/fr\/covid\/\" \/>\n<meta property=\"og:locale\" content=\"fr_FR\" \/>\n<meta property=\"og:type\" content=\"article\" \/>\n<meta property=\"og:title\" content=\"Covid - Cygsa - Fabricantes de compuestos de pl\u00e1sticos\" \/>\n<meta property=\"og:description\" content=\"Comme \u00e9tabli dans le Code d&#039;\u00c9thique et le R\u00e8glement de Conduite \u00c9thique du groupe CIRES, toutes les personnes qui travaillent dans le groupe ont la responsabilit\u00e9 d&#039;agir avec int\u00e9grit\u00e9, transparence, engagement et respect de la loi et de son r\u00e8glement int\u00e9rieur, ainsi que le devoir coop\u00e9rer pour emp\u00eacher toute personne d&#039;agir de mani\u00e8re incorrecte ou [&hellip;]\" \/>\n<meta property=\"og:url\" content=\"https:\/\/cygsa.es\/fr\/covid\/\" \/>\n<meta property=\"og:site_name\" content=\"Cygsa - Fabricantes de compuestos de pl\u00e1sticos\" \/>\n<meta property=\"article:modified_time\" content=\"2023-12-20T09:12:50+00:00\" \/>\n<meta name=\"twitter:card\" content=\"summary_large_image\" \/>\n<meta name=\"twitter:label1\" content=\"Dur\u00e9e de lecture estim\u00e9e\" \/>\n\t<meta name=\"twitter:data1\" content=\"2 minutes\" \/>\n<script type=\"application\/ld+json\" class=\"yoast-schema-graph\">{\"@context\":\"https:\/\/schema.org\",\"@graph\":[{\"@type\":\"WebPage\",\"@id\":\"https:\/\/cygsa.es\/fr\/covid\/\",\"url\":\"https:\/\/cygsa.es\/fr\/covid\/\",\"name\":\"Covid - Cygsa - Fabricantes de compuestos de pl\u00e1sticos\",\"isPartOf\":{\"@id\":\"https:\/\/cygsa.es\/fr\/#website\"},\"datePublished\":\"2021-01-20T11:45:41+00:00\",\"dateModified\":\"2023-12-20T09:12:50+00:00\",\"breadcrumb\":{\"@id\":\"https:\/\/cygsa.es\/fr\/covid\/#breadcrumb\"},\"inLanguage\":\"fr-FR\",\"potentialAction\":[{\"@type\":\"ReadAction\",\"target\":[\"https:\/\/cygsa.es\/fr\/covid\/\"]}]},{\"@type\":\"BreadcrumbList\",\"@id\":\"https:\/\/cygsa.es\/fr\/covid\/#breadcrumb\",\"itemListElement\":[{\"@type\":\"ListItem\",\"position\":1,\"name\":\"Portada\",\"item\":\"https:\/\/cygsa.es\/fr\/\"},{\"@type\":\"ListItem\",\"position\":2,\"name\":\"Covid\"}]},{\"@type\":\"WebSite\",\"@id\":\"https:\/\/cygsa.es\/fr\/#website\",\"url\":\"https:\/\/cygsa.es\/fr\/\",\"name\":\"Cygsa - Fabricantes de compuestos de pl\u00e1sticos\",\"description\":\"Trabajamos para conseguir la m\u00e1xima satisfacci\u00f3n de nuestros clientes a trav\u00e9s de un procedimiento de trabajo lo m\u00e1s sostenible posible\",\"potentialAction\":[{\"@type\":\"SearchAction\",\"target\":{\"@type\":\"EntryPoint\",\"urlTemplate\":\"https:\/\/cygsa.es\/fr\/?s={search_term_string}\"},\"query-input\":{\"@type\":\"PropertyValueSpecification\",\"valueRequired\":true,\"valueName\":\"search_term_string\"}}],\"inLanguage\":\"fr-FR\"}]}<\/script>\n<!-- \/ Yoast SEO plugin. -->","yoast_head_json":{"title":"Covid - Cygsa - Fabricantes de compuestos de pl\u00e1sticos","robots":{"index":"index","follow":"follow","max-snippet":"max-snippet:-1","max-image-preview":"max-image-preview:large","max-video-preview":"max-video-preview:-1"},"canonical":"https:\/\/cygsa.es\/fr\/covid\/","og_locale":"fr_FR","og_type":"article","og_title":"Covid - Cygsa - Fabricantes de compuestos de pl\u00e1sticos","og_description":"Comme \u00e9tabli dans le Code d'\u00c9thique et le R\u00e8glement de Conduite \u00c9thique du groupe CIRES, toutes les personnes qui travaillent dans le groupe ont la responsabilit\u00e9 d'agir avec int\u00e9grit\u00e9, transparence, engagement et respect de la loi et de son r\u00e8glement int\u00e9rieur, ainsi que le devoir coop\u00e9rer pour emp\u00eacher toute personne d'agir de mani\u00e8re incorrecte ou [&hellip;]","og_url":"https:\/\/cygsa.es\/fr\/covid\/","og_site_name":"Cygsa - Fabricantes de compuestos de pl\u00e1sticos","article_modified_time":"2023-12-20T09:12:50+00:00","twitter_card":"summary_large_image","twitter_misc":{"Dur\u00e9e de lecture estim\u00e9e":"2 minutes"},"schema":{"@context":"https:\/\/schema.org","@graph":[{"@type":"WebPage","@id":"https:\/\/cygsa.es\/fr\/covid\/","url":"https:\/\/cygsa.es\/fr\/covid\/","name":"Covid - Cygsa - Fabricantes de compuestos de pl\u00e1sticos","isPartOf":{"@id":"https:\/\/cygsa.es\/fr\/#website"},"datePublished":"2021-01-20T11:45:41+00:00","dateModified":"2023-12-20T09:12:50+00:00","breadcrumb":{"@id":"https:\/\/cygsa.es\/fr\/covid\/#breadcrumb"},"inLanguage":"fr-FR","potentialAction":[{"@type":"ReadAction","target":["https:\/\/cygsa.es\/fr\/covid\/"]}]},{"@type":"BreadcrumbList","@id":"https:\/\/cygsa.es\/fr\/covid\/#breadcrumb","itemListElement":[{"@type":"ListItem","position":1,"name":"Portada","item":"https:\/\/cygsa.es\/fr\/"},{"@type":"ListItem","position":2,"name":"Covid"}]},{"@type":"WebSite","@id":"https:\/\/cygsa.es\/fr\/#website","url":"https:\/\/cygsa.es\/fr\/","name":"Cygsa - Fabricantes de compuestos de pl\u00e1sticos","description":"Trabajamos para conseguir la m\u00e1xima satisfacci\u00f3n de nuestros clientes a trav\u00e9s de un procedimiento de trabajo lo m\u00e1s sostenible posible","potentialAction":[{"@type":"SearchAction","target":{"@type":"EntryPoint","urlTemplate":"https:\/\/cygsa.es\/fr\/?s={search_term_string}"},"query-input":{"@type":"PropertyValueSpecification","valueRequired":true,"valueName":"search_term_string"}}],"inLanguage":"fr-FR"}]}},"_links":{"self":[{"href":"https:\/\/cygsa.es\/fr\/wp-json\/wp\/v2\/pages\/7023","targetHints":{"allow":["GET"]}}],"collection":[{"href":"https:\/\/cygsa.es\/fr\/wp-json\/wp\/v2\/pages"}],"about":[{"href":"https:\/\/cygsa.es\/fr\/wp-json\/wp\/v2\/types\/page"}],"author":[{"embeddable":true,"href":"https:\/\/cygsa.es\/fr\/wp-json\/wp\/v2\/users\/1"}],"replies":[{"embeddable":true,"href":"https:\/\/cygsa.es\/fr\/wp-json\/wp\/v2\/comments?post=7023"}],"version-history":[{"count":8,"href":"https:\/\/cygsa.es\/fr\/wp-json\/wp\/v2\/pages\/7023\/revisions"}],"predecessor-version":[{"id":7443,"href":"https:\/\/cygsa.es\/fr\/wp-json\/wp\/v2\/pages\/7023\/revisions\/7443"}],"wp:attachment":[{"href":"https:\/\/cygsa.es\/fr\/wp-json\/wp\/v2\/media?parent=7023"}],"curies":[{"name":"wp","href":"https:\/\/api.w.org\/{rel}","templated":true}]}}